{"id":201,"date":"2017-06-27T11:07:27","date_gmt":"2017-06-27T04:07:27","guid":{"rendered":"http:\/\/cleansuivn.com\/?page_id=201"},"modified":"2025-05-25T15:35:42","modified_gmt":"2025-05-25T08:35:42","slug":"chinh-sach-va-quy-dinh-chung","status":"publish","type":"page","link":"https:\/\/cleansuivn.com\/index.php\/chinh-sach-va-quy-dinh-chung\/","title":{"rendered":"Ch\u00ednh S\u00e1ch v\u00e0 quy \u0111\u1ecbnh chung"},"content":{"rendered":"\n<ol class=\"wp-block-list\">\n<li><strong>H\u01af\u1edaNG D\u1eaaN MUA H\u00c0NG TR\u1ef0C TUY\u1ebeN:<\/strong> <\/li>\n<\/ol>\n\n\n\n<p>B\u01b0\u1edbc 1:&nbsp;Duy\u1ec7t v\u00e0 ch\u1ecdn\ns\u1ea3n ph\u1ea9m. <\/p>\n\n\n\n<p>B\u01b0\u1edbc 2: Ch\u1ecdn mua s\u1ea3n ph\u1ea9m\nmong mu\u1ed1n v\u00e0 b\u1ea5m &#8220;TH\u00caM V\u00c0O GI\u1ece&#8221; <\/p>\n\n\n\n<p>B\u01b0\u1edbc 3:&nbsp;B\u1ea5m v\u00e0o gi\u1ecf\nh\u00e0ng v\u00e0 ch\u1ecdn &#8220;THANH TO\u00c1N&#8221; <\/p>\n\n\n\n<p>B\u01b0\u1edbc 4:&nbsp;\u0110i\u1ec1n th\u00f4ng\ntin c\u00e1 nh\u00e2n v\u00e0 ch\u1ecdn ph\u01b0\u01a1ng th\u1ee9c thanh to\u00e1n <\/p>\n\n\n\n<p>B\u01b0\u1edbc 5:&nbsp;T\u1ed5ng ki\u1ec3m tra\nv\u00e0 x\u00e1c nh\u1eadn \u0111\u01a1n h\u00e0ng l\u1ea7n cu\u1ed1i <strong>Cleansuivn.com s\u1ebd ki\u1ec3m duy\u1ec7t \u0111\u01a1n h\u00e0ng v\u00e0 g\u1ecdi\nl\u1ea1i qu\u00fd kh\u00e1ch h\u00e0ng \u0111\u1ec3 x\u00e1c nh\u1eadn \u0111\u01a1n h\u00e0ng.<\/strong> &nbsp; <\/p>\n\n\n\n<ul class=\"wp-block-list\">\n<li><strong>PH\u01af\u01a0NG TH\u1ee8C THANH TO\u00c1N:<\/strong> <\/li>\n<\/ul>\n\n\n\n<p><strong>Thanh to\u00e1n tr\u1ef1c ti\u1ebfp t\u1ea1i v\u0103n ph\u00f2ng c\u00f4ng ty TNHH TMDV Digi-Tran<\/strong><\/p>\n\n\n\n<p>\u0110\u1ecba ch\u1ec9: 397 \u0110i\u1ec7n Bi\u00ean Ph\u1ee7, Ph\u01b0\u1eddng 4, Qu\u1eadn 3, H\u1ed3 Ch\u00ed Minh. <\/p>\n\n\n\n<p><strong>Giao h\u00e0ng thu ti\u1ec1n t\u1ea1i TP.H\u1ed3 Ch\u00ed Minh, H\u00e0 N\u1ed9i, \u0110\u00e0 N\u1eb5ng<\/strong> Kh\u00e1ch h\u00e0ng \u0111\u01b0\u1ee3c\nmi\u1ec5n ph\u00ed d\u1ecbch v\u1ee5 v\u1eadn chuy\u1ec3n v\u00e0 thu h\u1ed9 t\u00e2n n\u01a1i t\u1ea1i TP HCM, H\u00e0 N\u1ed9i v\u00e0 \u0110\u00e0 N\u1eb5ng.\n&nbsp; <\/p>\n\n\n\n<ul class=\"wp-block-list\">\n<li><strong>PH\u01af\u01a0NG TH\u1ee8C NH\u1eacN H\u00c0NG:<\/strong> <\/li>\n<\/ul>\n\n\n\n<p><strong>Kh\u00e1ch h\u00e0ng nh\u1eadn h\u00e0ng tr\u01b0c ti\u1ebfp t\u1ea1i v\u0103n ph\u00f2ng c\u00f4ng ty TNHH TMDV Digi-Tran<\/strong> <\/p>\n\n\n\n<p>\u0110\u1ecba ch\u1ec9: 397 \u0110i\u1ec7n Bi\u00ean Ph\u1ee7, Ph\u01b0\u1eddng 4, Qu\u1eadn 3, H\u1ed3 Ch\u00ed Minh.<\/p>\n\n\n\n<p><strong>Kh\u00e1ch h\u00e0ng nh\u1eadn h\u00e0ng t\u1ea1i nh\u00e0 th\u00f4ng qua d\u1ecbch v\u1ee5 giao h\u00e0ng v\u00e0 thu ti\u1ec1n t\u1eadn\nn\u01a1i.<\/strong> <\/p>\n\n\n\n<p>Th\u1eddi gian giao h\u00e0ng t\u1eeb 1-2 ng\u00e0y l\u00e0m vi\u1ec7c \u0111\u1ed1i v\u1edbi H\u1ed3 Ch\u00ed Minh v\u00e0 t\u1eeb 3-5 ng\u00e0y\n\u0111\u1ed1i v\u1edbi c\u00e1c t\u1ec9nh kh\u00e1c. Ngo\u00e0i ra n\u1ebfu c\u1ea7n h\u1ed7 tr\u1ee3 giao h\u00e0ng nhanh 1-2 ng\u00e0y vui l\u00f2ng\nli\u00ean h\u1ec7 hotline: 0933 64 00 94. &nbsp; <\/p>\n\n\n\n<h1 class=\"wp-block-heading\">Ch\u00ednh s\u00e1ch \u0111\u1ed5i tr\u1ea3<\/h1>\n\n\n\n<p><strong>\u0110i\u1ec1u ki\u1ec7n \u0111\u1ed5i tr\u1ea3<\/strong><\/p>\n\n\n\n<p>Qu\u00fd Kh\u00e1ch h\u00e0ng c\u1ea7n ki\u1ec3m tra t\u00ecnh tr\u1ea1ng h\u00e0ng h\u00f3a v\u00e0 c\u00f3 th\u1ec3 \u0111\u1ed5i h\u00e0ng\/ tr\u1ea3 l\u1ea1i h\u00e0ng&nbsp;ngay t\u1ea1i th\u1eddi \u0111i\u1ec3m giao\/nh\u1eadn h\u00e0ng&nbsp;trong nh\u1eefng tr\u01b0\u1eddng h\u1ee3p sau:<\/p>\n\n\n\n<ul class=\"wp-block-list\">\n<li>H\u00e0ng kh\u00f4ng \u0111\u00fang ch\u1ee7ng lo\u1ea1i, m\u1eabu m\u00e3 trong \u0111\u01a1n h\u00e0ng \u0111\u00e3 \u0111\u1eb7t ho\u1eb7c nh\u01b0 tr\u00ean website t\u1ea1i th\u1eddi \u0111i\u1ec3m \u0111\u1eb7t h\u00e0ng.<\/li>\n\n\n\n<li>Kh\u00f4ng \u0111\u1ee7 s\u1ed1 l\u01b0\u1ee3ng, kh\u00f4ng \u0111\u1ee7 b\u1ed9 nh\u01b0 trong \u0111\u01a1n h\u00e0ng.<\/li>\n\n\n\n<li>T\u00ecnh tr\u1ea1ng b\u00ean ngo\u00e0i b\u1ecb \u1ea3nh h\u01b0\u1edfng nh\u01b0 r\u00e1ch bao b\u00ec, bong tr\u00f3c, b\u1ec3 v\u1ee1\u2026<\/li>\n<\/ul>\n\n\n\n<p>&nbsp;Kh\u00e1ch h\u00e0ng c\u00f3 tr\u00e1ch nhi\u1ec7m tr\u00ecnh gi\u1ea5y t\u1edd li\u00ean quan ch\u1ee9ng minh s\u1ef1 thi\u1ebfu s\u00f3t tr\u00ean \u0111\u1ec3 ho\u00e0n th\u00e0nh vi\u1ec7c&nbsp;ho\u00e0n tr\u1ea3\/\u0111\u1ed5i tr\u1ea3 h\u00e0ng h\u00f3a.&nbsp;<\/p>\n\n\n\n<p><strong>Quy \u0111\u1ecbnh v\u1ec1 th\u1eddi gian th\u00f4ng b\u00e1o v\u00e0 g\u1eedi s\u1ea3n ph\u1ea9m \u0111\u1ed5i tr\u1ea3<\/strong><\/p>\n\n\n\n<ul class=\"wp-block-list\">\n<li><strong>Th\u1eddi gian th\u00f4ng b\u00e1o \u0111\u1ed5i tr\u1ea3<\/strong>:\u00a0trong v\u00f2ng 3 ng\u00e0y\u00a0k\u1ec3 t\u1eeb khi nh\u1eadn s\u1ea3n ph\u1ea9m \u0111\u1ed1i v\u1edbi tr\u01b0\u1eddng h\u1ee3p s\u1ea3n ph\u1ea9m thi\u1ebfu ph\u1ee5 ki\u1ec7n, qu\u00e0 t\u1eb7ng ho\u1eb7c b\u1ec3 v\u1ee1.<\/li>\n\n\n\n<li><strong>Th\u1eddi gian g\u1eedi chuy\u1ec3n tr\u1ea3 s\u1ea3n ph\u1ea9m<\/strong>: trong v\u00f2ng 7 ng\u00e0y k\u1ec3 t\u1eeb khi nh\u1eadn s\u1ea3n ph\u1ea9m.<\/li>\n\n\n\n<li><strong>\u0110\u1ecba \u0111i\u1ec3m \u0111\u1ed5i tr\u1ea3 s\u1ea3n ph\u1ea9m<\/strong>: Kh\u00e1ch h\u00e0ng c\u00f3 th\u1ec3 mang h\u00e0ng tr\u1ef1c ti\u1ebfp \u0111\u1ebfn v\u0103n ph\u00f2ng\/ c\u1eeda h\u00e0ng c\u1ee7a ch\u00fang t\u00f4i ho\u1eb7c chuy\u1ec3n qua \u0111\u01b0\u1eddng b\u01b0u \u0111i\u1ec7n.<\/li>\n<\/ul>\n\n\n\n<p>Trong tr\u01b0\u1eddng h\u1ee3p Qu\u00fd Kh\u00e1ch h\u00e0ng c\u00f3 \u00fd ki\u1ebfn \u0111\u00f3ng g\u00f3p\/khi\u1ebfu n\u1ea1i li\u00ean quan \u0111\u1ebfn ch\u1ea5t l\u01b0\u1ee3ng s\u1ea3n ph\u1ea9m, Qu\u00fd Kh\u00e1ch h\u00e0ng vui l\u00f2ng li\u00ean h\u1ec7 \u0111\u01b0\u1eddng d\u00e2y ch\u0103m s\u00f3c kh\u00e1ch h\u00e0ng&nbsp;c\u1ee7a ch\u00fang t\u00f4i.<\/p>\n\n\n\n<p><strong>D. CH\u00cdNH S\u00c1CH B\u1ea2O H\u00c0NH:<\/strong> B\u1ea3o h\u00e0nh 1 \u0111\u1ed5i 1 trong 12 th\u00e1ng n\u1ebfu c\u00f3 l\u1ed7i t\u1eeb nh\u00e0 s\u1ea3n\nxu\u1ea5t. <\/p>\n\n\n\n<ul class=\"wp-block-list\">\n<li><strong>\u0110\u1ed1i t\u01b0\u1ee3ng b\u1ea3o h\u00e0nh<\/strong>:\u00a0Kh\u00e1ch h\u00e0ng mua s\u1ea3n ph\u1ea9m tr\u1ef1c tuy\u1ebfn tr\u00ean website ho\u1eb7c t\u1ea1i v\u0103n ph\u00f2ng c\u1ee7a c\u00f4ng ty TNHH TMDV Digi-Tran (s\u1ea3n ph\u1ea9m do c\u00f4ng ty Digi-Tran ph\u00e2n ph\u1ed1i).<\/li>\n\n\n\n<li><strong>Quy \u0111\u1ecbnh b\u1ea3o h\u00e0nh<\/strong>:\u00a0S\u1ea3n ph\u1ea9m kh\u00f4ng b\u1ecb c\u1ea5n m\u00f3p do va ch\u1ea1m, ch\u00e1y n\u1ed5, ho\u1eb7c cho ngu\u1ed3n n\u01b0\u1edbc n\u00f3ng qua thi\u1ebft b\u1ecb. S\u1ea3n ph\u1ea9m c\u00f3 d\u00e1n tem b\u1ea3o h\u00e0nh v\u00e0 h\u00f3a \u0111\u01a1n mua h\u00e0ng c\u1ee7a C\u00f4ng Ty Digi-Tran.<\/li>\n\n\n\n<li><strong>Ch\u00ednh s\u00e1ch<\/strong>:\u00a0B\u1ea3o h\u00e0nh s\u1ea3n ph\u1ea9m 1 \u0111\u1ed5i 1 trong 12 th\u00e1ng n\u1ebfu c\u00f3 l\u1ed7i t\u1eeb nh\u00e0 s\u1ea3n xu\u1ea5t \u0111\u1ed1i v\u1edbi thi\u1ebft b\u1ecb ch\u00ednh (kh\u00f4ng bao g\u1ed3m l\u00f5i l\u1ecdc). L\u00f5i l\u1ecdc kh\u00e1ch h\u00e0ng thay m\u1edbi sau m\u1ed7i 900 l\u00edt ho\u1eb7c 3-4 th\u00e1ng s\u1eed d\u1ee5ng. S\u1ea3n ph\u1ea9m \u0111\u1ed5i tr\u1ea3 c\u00f3 c\u00f9ng m\u00e3 h\u00e0ng v\u1edbi s\u1ea3n ph\u1ea9m \u0111\u00e3 mua ho\u1eb7c s\u1ea3n ph\u1ea9m c\u00f9ng ch\u1ee7ng lo\u1ea1i c\u00f3 gi\u00e1 tr\u1ecb t\u01b0\u01a1ng \u0111\u01b0\u01a1ng n\u1ebfu s\u1ea3n ph\u1ea9m \u0111\u00e3 mua kh\u00f4ng c\u00f2n \u0111\u01b0\u1ee3c cung c\u1ea5p.<\/li>\n\n\n\n<li><strong>Ph\u1ea1m vi b\u1ea3o h\u00e0nh:<\/strong>\u00c1p d\u1ee5ng v\u1edbi c\u00e1c l\u1ed7i v\u1ec1 k\u0129 thu\u1eadt do nh\u00e0 s\u1ea3n xu\u1ea5t khi s\u1eed d\u1ee5ng trong \u0111i\u1ec1u ki\u1ec7n b\u00ecnh th\u01b0\u1eddng theo h\u01b0\u1edbng d\u1eabn s\u1eed d\u1ee5ng.<\/li>\n\n\n\n<li><strong>\u0110\u1ecba \u0111i\u1ec3m b\u1ea3o h\u00e0nh<\/strong>:\u00a0Qu\u00fd kh\u00e1ch mang s\u1ea3n ph\u1ea9m v\u00e0  ph\u1ee5 ki\u1ec7n \u0111\u1ebfn \u0111i\u1ec3m b\u1ea3o h\u00e0nh c\u1ee7a c\u00f4ng ty Digi-Tran ho\u1eb7c g\u1edfi theo \u0111\u01b0\u1eddng b\u01b0u \u0111i\u1ec7n.<\/li>\n<\/ul>\n\n\n\n<p><strong>\u0110\u1ecba ch\u1ec9<\/strong>: 397 \u0110i\u1ec7n Bi\u00ean Ph\u1ee7, Ph\u01b0\u1eddng 4, Qu\u1eadn 3, H\u1ed3 Ch\u00ed Minh. <\/p>\n\n\n\n<p><strong>Hotline<\/strong>: 0933 64 00 94. <strong>Email<\/strong>: <a href=\"mailto:support@cleansuivn.com\">support@cleansuivn.com<\/a> &nbsp; <\/p>\n\n\n\n<p><strong>E. CH\u00cdNH S\u00c1CH B\u1ea2O M\u1eacT TH\u00d4NG TIN<\/strong> <strong>M\u1ee5c \u0111\u00edch v\u00e0 ph\u1ea1m vi thu th\u1eadp th\u00f4ng tin:<\/strong> <\/p>\n\n\n\n<ul class=\"wp-block-list\">\n<li>Vi\u1ec7c thu th\u1eadp d\u1eef li\u1ec7u ch\u1ee7 y\u1ebfu tr\u00ean website Cleansuivn.com bao g\u1ed3m c\u00e1c th\u00f4ng tin c\u01a1 b\u1ea3n c\u1ee7a kh\u00e1c h\u00e0ng nh\u01b0: H\u1ecd t\u00ean kh\u00e1ch h\u00e0ng, \u0111\u1ecba ch\u1ec9 giao h\u00e0ng, s\u1ed1 \u0111i\u1ec7n tho\u1ea1i li\u00ean h\u1ec7, email li\u00ean h\u1ec7, t\u00ean c\u00f4ng ty (n\u1ebfu c\u1ea7n thi\u1ebft). \u0110\u00e2y l\u00e0 c\u00e1c th\u00f4ng tin c\u01a1 b\u1ea3n ph\u1ee5c v\u1ee5 cho vi\u1ec7c giao h\u00e0ng v\u00e0 ch\u0103m s\u00f3c kh\u00e1ch h\u00e0ng. Nh\u1eb1m \u0111\u1ea3m b\u1ea3o cho quy\u1ec1n l\u1ee3i c\u1ee7a ng\u01b0\u1eddi ti\u00eau d\u00f9ng v\u00e0 quy\u1ec1n l\u1ee3i c\u1ee7a ng\u01b0\u1eddi b\u00e1n h\u00e0ng.<\/li>\n\n\n\n<li>\u0110\u1ed1i v\u1edbi th\u00e0nh vi\u00ean l\u00e0 kh\u00e1ch h\u00e0ng, trong qu\u00e1 tr\u00ecnh giao d\u1ecbch, thanh to\u00e1n tr\u00ean website cleansuivn.com, ch\u00fang t\u00f4i ch\u1ec9 l\u01b0u gi\u1eef th\u00f4ng tin chi ti\u1ebft v\u1ec1 \u0111\u01a1n h\u00e0ng c\u1ee7a kh\u00e1ch h\u00e0ng c\u00e1c th\u00f4ng tin v\u1ec1 s\u1ed1 t\u00e0i kho\u1ea3n ng\u00e2n h\u00e0ng c\u1ee7a kh\u00e1ch h\u00e0ng s\u1ebd kh\u00f4ng \u0111\u01b0\u1ee3c l\u01b0u gi\u1eef.<\/li>\n\n\n\n<li>Website Cleansuivn.com c\u0169ng s\u1ebd s\u1eed d\u1ee5ng c\u1ea3 th\u00f4ng tin nh\u1eadn di\u1ec7n c\u00e1 nh\u00e2n th\u00e0nh vi\u00ean v\u00e0 th\u00f4ng tin nh\u1eadn di\u1ec7n kh\u00e1c nh\u01b0 cookies, \u0111\u1ecba ch\u1ec9 IP, lo\u1ea1i tr\u00ecnh duy\u1ec7t, \u2026 \u0111\u1ec3 gia t\u0103ng kh\u1ea3 n\u0103ng ph\u1ee5c v\u1ee5 kh\u00e1ch h\u00e0ng c\u0169ng nh\u01b0 ph\u00e1t tri\u1ec3n nh\u1eefng ch\u1ee9c n\u0103ng, t\u00ednh n\u0103ng v\u00e0 c\u00e1c d\u1ecbch v\u1ee5 m\u1edbi theo xu h\u01b0\u1edbng v\u00e0 s\u1edf th\u00edch \u0111ang di\u1ec5n ti\u1ebfn c\u1ee7a kh\u00e1ch h\u00e0ng.<\/li>\n\n\n\n<li>C\u00e1c th\u00e0nh vi\u00ean s\u1ebd t\u1ef1 ch\u1ecbu v\u1ec1 b\u1ea3o m\u1eadt v\u00e0 l\u01b0u gi\u1eef m\u1ecdi ho\u1ea1t \u0111\u1ed9ng s\u1eed d\u1ee5ng d\u1ecbch v\u1ee5 d\u01b0\u1edbi t\u00ean \u0111\u0103ng k\u00fd, m\u1eadt kh\u1ea9u v\u00e0 h\u1ed9p th\u01b0 \u0111i\u1ec7n t\u1eed c\u1ee7a m\u00ecnh. Ngo\u00e0i ra, Th\u00e0nh Vi\u00ean c\u00f3 tr\u00e1ch nhi\u1ec7m th\u00f4ng b\u00e1o k\u1ecbp th\u1eddi cho C\u00f4ng ty ch\u1ee7 qu\u1ea3n website cleansuivn.com (C\u00f4ng ty TNHH TMDV Digi-Tran) v\u1ec1 nh\u1eefng h\u00e0nh vi s\u1eed d\u1ee5ng tr\u00e1i ph\u00e9p, l\u1ea1m d\u1ee5ng, vi ph\u1ea1m b\u1ea3o m\u1eadt, l\u01b0u gi\u1eef t\u00ean \u0111\u0103ng k\u00fd v\u00e0 m\u1eadt kh\u1ea9u c\u1ee7a b\u00ean th\u1ee9 ba \u0111\u1ec3 c\u00f3 bi\u1ec7n ph\u00e1p gi\u1ea3i quy\u1ebft ph\u00f9 h\u1ee3p.<\/li>\n<\/ul>\n\n\n\n<p><strong>Ph\u1ea1m vi s\u1eed d\u1ee5ng th\u00f4ng tin: <\/strong>Website Cleansuivn.com s\u1eed d\u1ee5ng th\u00f4ng\ntin c\u1ee7a th\u00e0nh vi\u00ean cung c\u1ea5p \u0111\u1ec3 <\/p>\n\n\n\n<ul class=\"wp-block-list\">\n<li>Cung c\u1ea5p d\u1ecbch v\u1ee5 \u0111\u1ebfn c\u00e1c th\u00e0nh vi\u00ean.<\/li>\n\n\n\n<li>G\u1edfi c\u00e1c th\u00f4ng b\u00e1o v\u1ec1 c\u00e1c ho\u1ea1t \u0111\u1ed9ng trao \u0111\u1ed5i th\u00f4ng tin gi\u1eef th\u00e0nh vi\u00ean v\u00e0 website Cleansuivn.com<\/li>\n\n\n\n<li>Ng\u0103n ng\u1eeba c\u00e1c ho\u1ea1t \u0111\u1ed9ng ph\u00e1 h\u1ee7y t\u00e0i kho\u1ea3n ng\u01b0\u1eddi d\u00f9ng c\u1ee7a Th\u00e0nh Vi\u00ean ho\u1eb7c c\u00e1c ho\u1ea1t \u0111\u1ed9ng gi\u1ea3 m\u1ea1o Th\u00e0nh Vi\u00ean.<\/li>\n\n\n\n<li>Li\u00ean l\u1ea1c v\u00e0 gi\u1ea3i quy\u1ebft v\u1edbi Th\u00e0nh Vi\u00ean trong nh\u1eefng tr\u01b0\u1eddng h\u1ee3p \u0111\u1eb7c bi\u1ec7t.<\/li>\n\n\n\n<li>Kh\u00f4ng s\u1eed d\u1ee5ng th\u00f4ng tin c\u00e1 nh\u00e2n c\u1ee7a Th\u00e0nh Vi\u00ean ngo\u00e0i m\u1ee5c \u0111\u00edch x\u00e1c nh\u1eadn v\u00e0 li\u00ean h\u1ec7 c\u00f3 li\u00ean quan \u0111\u1ebfn giao d\u1ecbch tr\u00ean website Cleansuivn.com<\/li>\n\n\n\n<li>Trong tr\u01b0\u1eddng h\u1ee3p c\u00f3 y\u00eau c\u1ea7u c\u1ee7a ph\u00e1p lu\u1eadt: Website Cleansuivn.com c\u00f3 tr\u00e1ch nhi\u1ec7m h\u1ee3p t\u00e1c cung c\u1ea5p th\u00f4ng tin Th\u00e0nh Vi\u00ean khi c\u00f3 y\u00eau c\u1ea7u t\u1eeb c\u01a1 quan t\u01b0 ph\u00e1p bao g\u1ed3m: Vi\u1ec7n ki\u1ec3m s\u00e1t, t\u00f2a \u00e1n, c\u01a1 quan c\u00f4ng an \u0111i\u1ec1u tra li\u00ean quan \u0111\u1ebfn h\u00e0nh vi vi ph\u1ea1m ph\u00e1p lu\u1eadt n\u00e0o \u0111\u00f3 c\u1ee7a kh\u00e1ch h\u00e0ng. Ngo\u00e0i ra, kh\u00f4ng ai c\u00f3 quy\u1ec1n x\u00e2m ph\u1ea1m v\u00e0o th\u00f4ng tin c\u1ee7a Th\u00e0nh Vi\u00ean.<\/li>\n<\/ul>\n\n\n\n<p><strong>Th\u1eddi gian l\u01b0u tr\u1eef th\u00f4ng tin:<\/strong> D\u1eef li\u1ec7u c\u00e1 nh\u00e2n c\u1ee7a Th\u00e0nh Vi\u00ean s\u1ebd\n\u0111\u01b0\u1ee3c l\u01b0u tr\u1eef cho \u0111\u1ebfn khi c\u00f3 y\u00eau c\u1ea7u h\u1ee7y b\u1ecf ho\u1eb7c t\u1ef1 Th\u00e0nh Vi\u00ean \u0111\u0103ng nh\u1eadp v\u00e0 th\u1ef1c\nhi\u1ec7n h\u1ee7y b\u1ecf. C\u00f2n l\u1ea1i trong m\u1ecdi tr\u01b0\u1eddng h\u1ee3p th\u00f4ng tin c\u00e1 nh\u00e2n c\u1ee7a Th\u00e0nh Vi\u00ean s\u1ebd\n\u0111\u01b0\u1ee3c b\u1ea3o m\u1eadt tr\u00ean m\u00e1y ch\u1ee7 c\u1ee7a Website Cleansuivn.com <strong>Ph\u01b0\u01a1ng ti\u1ec7n v\u00e0 c\u00f4ng c\u1ee5\n\u0111\u1ec3 ng\u01b0\u1eddi d\u00f9ng ti\u1ebfp c\u1eadn v\u00e0 ch\u1ec9nh s\u1eeda d\u1eef li\u1ec7u c\u00e1 nh\u00e2n c\u1ee7a m\u00ecnh:<\/strong> Th\u00e0nh Vi\u00ean c\u00f3\nquy\u1ec1n t\u1ef1 ki\u1ec3m tra, c\u1eadp nh\u1eadt, \u0111i\u1ec1u ch\u1ec9nh ho\u1eb7c h\u1ee7y b\u1ecf th\u00f4ng tin c\u00e1 nh\u00e2n c\u1ee7a m\u00ecnh\nb\u1eb1ng c\u00e1ch \u0111\u0103ng nh\u1eadp v\u00e0o t\u00e0i kho\u1ea3n v\u00e0 ch\u1ec9nh s\u1eeda th\u00f4ng tin c\u00e1 nh\u00e2n ho\u1eb7c y\u00eau c\u1ea7u\ntr\u1ef1c ti\u1ebfp \u0111\u1ebfn Hotline Cleansuivn.com th\u1ef1c hi\u1ec7n vi\u1ec7c n\u00e0y. Li\u00ean h\u1ec7: <a href=\"mailto:support@cleansuivn.com\">support@cleansuivn.com<\/a>\nHotline: 0933 64 00 94 <strong>Cam k\u1ebft b\u1ea3o m\u1eadt th\u00f4ng tin c\u00e1 nh\u00e2n kh\u00e1ch h\u00e0ng<\/strong>\nTh\u00f4ng tin c\u00e1 nh\u00e2n c\u1ee7a Th\u00e0nh Vi\u00ean tr\u00ean website Cleansuivn.com \u0111\u01b0\u1ee3c\nCleansuivn.com cam k\u1ebft b\u1ea3o m\u1eadt tuy\u1ec7t \u0111\u1ed1i theo ch\u00ednh s\u00e1ch b\u1ea3o v\u1ec7 th\u00f4ng tin c\u00e1\nnh\u00e2n c\u1ee7a website. Vi\u1ec7c thu th\u1eadp v\u00e0 s\u1eed d\u1ee5ng th\u00f4ng tin c\u1ee7a m\u1ed7i Th\u00e0nh Vi\u00ean ch\u1ec9\n\u0111\u01b0\u1ee3c th\u1ef1c hi\u1ec7n khi c\u00f3 s\u1ef1 \u0111\u1ed3ng \u00fd c\u1ee7a kh\u00e1ch h\u00e0ng \u0111\u00f3 tr\u1eeb nh\u1eefng tr\u01b0\u1eddng h\u1ee3p ph\u00e1p\nlu\u1eadt c\u00f3 quy \u0111\u1ecbnh kh\u00e1c. Website Cleansuivn.com cam k\u1ebft r\u1eb1ng: <\/p>\n\n\n\n<ul class=\"wp-block-list\">\n<li>Kh\u00f4ng s\u1eed d\u1ee5ng, kh\u00f4ng chuy\u1ec3n giao, cung c\u1ea5p hay ti\u1ebft l\u1ed9 cho b\u00ean th\u1ee9 3 n\u00e0o v\u1ec1 th\u00f4ng tin c\u00e1 nh\u00e2n c\u1ee7a Th\u00e0nh Vi\u00ean khi kh\u00f4ng c\u00f3 s\u1ef1 cho ph\u00e9p \u0111\u1ed3ng \u00fd t\u1eeb Th\u00e0nh Vi\u00ean.<\/li>\n\n\n\n<li>Trong tr\u01b0\u1eddng h\u1ee3p m\u00e1y ch\u1ee7 l\u01b0u tr\u1eef th\u00f4ng tin b\u1ecb hacker t\u1ea5n c\u00f4ng d\u1eabn \u0111\u1ebfn m\u1ea5t m\u00e1t d\u1eef li\u1ec7u c\u00e1 nh\u00e2n Th\u00e0nh Vi\u00ean, Website Cleansuivn.com s\u1ebd c\u00f3 tr\u00e1ch nhi\u1ec7m th\u00f4ng b\u00e1o v\u1ee5 vi\u1ec7c cho c\u01a1 quan ch\u1ee9c n\u0103ng \u0111i\u1ec1u tra x\u1eed l\u00fd k\u1ecbp  th\u1eddi v\u00e0 th\u00f4ng b\u00e1o cho Th\u00e0nh Vi\u00ean \u0111\u01b0\u1ee3c bi\u1ebft.<\/li>\n\n\n\n<li>Website Cleansuivn.com y\u00eau c\u1ea7u c\u00e1c c\u00e1 nh\u00e2n khi \u0111\u0103ng k\u00fd\/mua h\u00e0ng l\u00e0 Th\u00e0nh Vi\u00ean, ph\u1ea3i cung c\u1ea5p \u0111\u1ea7y \u0111\u1ee7 th\u00f4ng tin c\u00e1 nh\u00e2n c\u00f3 li\u00ean quan nh\u01b0: h\u1ecd v\u00e0 t\u00ean, \u0111\u1ecba ch\u1ec9 li\u00ean l\u1ea1c, email, \u0111i\u1ec7n tho\u1ea1i, c\u00f4ng ty,\u2026 v\u00e0 ch\u1ecbu tr\u00e1ch nhi\u1ec7m v\u1ec1 t\u00ednh ph\u00e1p l\u00fd c\u1ee7a nh\u1eefng th\u00f4ng tin tr\u00ean. Website Cleansuivn.com kh\u00f4ng ch\u1ecbu tr\u00e1ch nhi\u1ec7m c\u0169ng nh\u01b0 kh\u00f4ng gi\u1ea3i quy\u1ebft m\u1ecdi khi\u1ebfu n\u1ea1i c\u00f3 li\u00ean quan \u0111\u1ebfn quy\u1ec1n l\u1ee3i c\u1ee7a Th\u00e0nh Vi\u00ean \u0111\u00f3 n\u1ebfu x\u00e9t th\u1ea5y t\u1ea5t c\u1ea3 th\u00f4ng tin c\u00e1 nh\u00e2n c\u1ee7a Th\u00e0nh Vi\u00ean \u0111\u00f3 cung c\u1ea5p khi \u0111\u0103ng k\u00fd ban \u0111\u1ea7u l\u00e0 kh\u00f4ng ch\u00ednh x\u00e1c.<\/li>\n<\/ul>\n\n\n\n<p><strong>\u0110\u01a1n v\u1ecb ch\u1ee7 qu\u1ea3n thu th\u1eadp v\u00e0 qu\u1ea3n l\u00fd th\u00f4ng tin website cleansuivn.com:<\/strong> <\/p>\n\n\n\n<p>C\u00f4ng ty TNHH Th\u01b0\u01a1ng m\u1ea1i d\u1ecbch v\u1ee5 DIGI-TRAN GP DKKD\/MST s\u1ed1: 0314404490 <\/p>\n\n\n\n<p>\u0110\u1ecba ch\u1ec9:397 \u0110i\u1ec7n Bi\u00ean Ph\u1ee7, Ph\u01b0\u1eddng 4, Qu\u1eadn 3, H\u1ed3 Ch\u00ed Minh.<\/p>\n\n\n\n<p>Email: <a href=\"mailto:support@cleansuivn.com\">support@cleansuivn.com<\/a> Hotline: 0933 64 00 94<\/p>\n","protected":false},"excerpt":{"rendered":"<p>B\u01b0\u1edbc 1:&nbsp;Duy\u1ec7t v\u00e0 ch\u1ecdn s\u1ea3n ph\u1ea9m. B\u01b0\u1edbc 2: Ch\u1ecdn mua s\u1ea3n ph\u1ea9m mong mu\u1ed1n v\u00e0 b\u1ea5m &#8220;TH\u00caM V\u00c0O GI\u1ece&#8221; B\u01b0\u1edbc 3:&nbsp;B\u1ea5m v\u00e0o gi\u1ecf h\u00e0ng v\u00e0 ch\u1ecdn &#8220;THANH TO\u00c1N&#8221; B\u01b0\u1edbc 4:&nbsp;\u0110i\u1ec1n th\u00f4ng tin c\u00e1 nh\u00e2n v\u00e0 ch\u1ecdn ph\u01b0\u01a1ng th\u1ee9c thanh to\u00e1n B\u01b0\u1edbc 5:&nbsp;T\u1ed5ng ki\u1ec3m tra v\u00e0 x\u00e1c nh\u1eadn \u0111\u01a1n h\u00e0ng l\u1ea7n cu\u1ed1i Cleansuivn.com s\u1ebd ki\u1ec3m duy\u1ec7t [&#8230;]\n","protected":false},"author":1,"featured_media":0,"parent":0,"menu_order":0,"comment_status":"closed","ping_status":"closed","template":"","meta":{"content-type":"","footnotes":""},"class_list":["post-201","page","type-page","status-publish","hentry"],"_links":{"self":[{"href":"https:\/\/cleansuivn.com\/index.php\/wp-json\/wp\/v2\/pages\/201","targetHints":{"allow":["GET"]}}],"collection":[{"href":"https:\/\/cleansuivn.com\/index.php\/wp-json\/wp\/v2\/pages"}],"about":[{"href":"https:\/\/cleansuivn.com\/index.php\/wp-json\/wp\/v2\/types\/page"}],"author":[{"embeddable":true,"href":"https:\/\/cleansuivn.com\/index.php\/wp-json\/wp\/v2\/users\/1"}],"replies":[{"embeddable":true,"href":"https:\/\/cleansuivn.com\/index.php\/wp-json\/wp\/v2\/comments?post=201"}],"version-history":[{"count":8,"href":"https:\/\/cleansuivn.com\/index.php\/wp-json\/wp\/v2\/pages\/201\/revisions"}],"predecessor-version":[{"id":13627,"href":"https:\/\/cleansuivn.com\/index.php\/wp-json\/wp\/v2\/pages\/201\/revisions\/13627"}],"wp:attachment":[{"href":"https:\/\/cleansuivn.com\/index.php\/wp-json\/wp\/v2\/media?parent=201"}],"curies":[{"name":"wp","href":"https:\/\/api.w.org\/{rel}","templated":true}]}}