{"id":29,"date":"2017-04-14T10:51:34","date_gmt":"2017-04-14T03:51:34","guid":{"rendered":"http:\/\/cleansuivn.com\/?page_id=29"},"modified":"2021-06-05T12:03:20","modified_gmt":"2021-06-05T05:03:20","slug":"gioi-thieu","status":"publish","type":"page","link":"https:\/\/cleansuivn.com\/index.php\/gioi-thieu\/","title":{"rendered":"Gi\u1edbi thi\u1ec7u"},"content":{"rendered":"\n<div style=\"width: 1020px;\" class=\"wp-video\"><video class=\"wp-video-shortcode\" id=\"video-29-1\" width=\"1020\" height=\"574\" preload=\"metadata\" controls=\"controls\"><source type=\"video\/mp4\" src=\"http:\/\/cleansuivn.com\/wp-content\/uploads\/2017\/04\/Mitsubishi-Rayon-Cleansui.mp4?_=1\" \/><a href=\"http:\/\/cleansuivn.com\/wp-content\/uploads\/2017\/04\/Mitsubishi-Rayon-Cleansui.mp4\">http:\/\/cleansuivn.com\/wp-content\/uploads\/2017\/04\/Mitsubishi-Rayon-Cleansui.mp4<\/a><\/video><\/div>\n<p><strong><b>Mitsubishi Rayon <\/b><\/strong>l\u00e0 c\u00f4ng ty h\u00e0ng \u0111\u1ea7u trong vi\u1ec7c s\u1ea3n xu\u1ea5t c\u00e1c s\u1ea3n ph\u1ea9m l\u1ecdc n\u01b0\u1edbc g\u1eafn li\u1ec1n v\u1edbi th\u01b0\u01a1ng hi\u1ec7u <strong><b>CLEANSUI<\/b><\/strong><strong><b>\u00a0<\/b><\/strong>k\u1ec3 t\u1eeb n\u0103m <strong>1984<\/strong>, thu\u1ed9c t\u1eadp \u0111o\u00e0n <strong>MITSUBISHI<\/strong> Nh\u1eadt B\u1ea3n.<\/p>\n<p><strong><b>Tr\u1ee5 s\u1edf ch\u00ednh:<\/b><\/strong><\/p>\n<p>Gate City Osaki East Tower 10th Floor, Kurunsei Division TEL.03-6633-9000 FAX.03-5487-6762 Medical\u00a0Engineering Division:<\/p>\n<p>Tel. 03-6748\u00a0No. 11-2 Osaki 1 &#8211; chome Shinagawa &#8211; ku, Tokyo\u00a0141-0032 -7482 FAX.03-5487-6764<\/p>\n<p><img loading=\"lazy\" decoding=\"async\" class=\"size-full wp-image-651\" src=\"http:\/\/cleansuivn.com\/wp-content\/uploads\/2018\/07\/van-phong-loc-nuoc-cleansui-tai-usa.jpg\" alt=\"v\u0103n ph\u00f2ng l\u1ecdc n\u01b0\u1edbc CleanSui\" width=\"479\" height=\"357\" srcset=\"https:\/\/cleansuivn.com\/wp-content\/uploads\/2018\/07\/van-phong-loc-nuoc-cleansui-tai-usa.jpg 479w, https:\/\/cleansuivn.com\/wp-content\/uploads\/2018\/07\/van-phong-loc-nuoc-cleansui-tai-usa-300x224.jpg 300w\" sizes=\"auto, (max-width: 479px) 100vw, 479px\" \/><\/p>\n<p><strong><b>Mitsubishi Rayon<\/b><\/strong>\u00a0h\u00ecnh th\u00e0nh v\u00e0o n\u0103m 1933 nh\u01b0 l\u00e0 m\u1ed9t nh\u00e0 s\u1ea3n xu\u1ea5t c\u00e1c lo\u1ea1i s\u1ee3i nh\u00e2n t\u1ea1o. Tr\u1ea3i qua nhi\u1ec1u th\u1eadp ni\u00ean, c\u00f4ng ty \u0111\u00e3 t\u00edch l\u0169y nh\u1eefng b\u00ed quy\u1ebft c\u00f3 gi\u00e1 tr\u1ecb trong s\u1ea3n xu\u1ea5t s\u1ee3i t\u1ed5ng h\u1ee3p v\u00e0 nh\u1ef1a h\u1eefu c\u01a1. Th\u1eeba h\u01b0\u1edfng nh\u1eefng k\u1ebft qu\u1ea3 chuy\u00ean m\u00f4n c\u1ee7a m\u00ecnh trong c\u00f4ng ngh\u1ec7 ch\u1ebf t\u1ea1o v\u1eadt li\u1ec7u h\u1eefu c\u01a1 t\u1ed5ng h\u1ee3p, Mitsubishi Rayon \u0111\u00e3 t\u1ea1o ra &#8220;s\u1ee3i m\u00e0ng r\u1ed7ng&#8221; ph\u00e2n nh\u00e1nh v\u00e0 \u1ee9ng d\u1ee5ng ch\u00fang v\u00e0o c\u00e1c s\u1ea3n ph\u1ea9m b\u1ec1n v\u1eefng li\u00ean quan \u0111\u1ebfn n\u01b0\u1edbc s\u1ea1ch cho con ng\u01b0\u1eddi.<\/p>\n<p><strong><b>Cleansui <\/b><\/strong>l\u00e0 th\u01b0\u01a1ng hi\u1ec7u thu\u1ed9c Mitsubishi Rayon, ch\u1ecbu tr\u00e1ch nhi\u1ec7m v\u1ec1 vi\u1ec7c kinh doanh m\u00e1y l\u1ecdc n\u01b0\u1edbc cho gia \u0111\u00ecnh v\u00e0 c\u00f4ng nghi\u1ec7p.<\/p>\n<p><strong><b>CleanSui<\/b><\/strong><strong><b>\u00a0<\/b><\/strong>cam k\u1ebft t\u1ea1o ra c\u00e1c s\u1ea3n ph\u1ea9m \u0111\u1ed9c \u0111\u00e1o, ch\u1ea5t l\u01b0\u1ee3ng cao, v\u00e0 nh\u1eefng ti\u1ec7n \u00edch nh\u1eb1m \u0111\u00f3ng g\u00f3p v\u00e0o s\u1ef1 t\u1ed1t \u0111\u1eb9p c\u1ee7a x\u00e3 h\u1ed9i. Tri\u1ebft l\u00fd qu\u1ea3n l\u00fd n\u00e0y \u0111\u01b0\u1ee3c g\u00f3i g\u1ecdn trong kh\u1ea9u hi\u1ec7u <strong><b>&#8220;<\/b><\/strong><strong><b>Clean Water Every Time<\/b><\/strong><strong><b>&#8220;<\/b><\/strong>.<\/p>\n<h3><strong>Nh\u00e0 m\u00e1y s\u1ea3n xu\u1ea5t thi\u1ebft b\u1ecb l\u1ecdc n\u01b0\u1edbc Mitsubishi CleanSui t\u1ea1i Nh\u1eadt B\u1ea3n:<\/strong><\/h3>\n<figure id=\"attachment_500\" aria-describedby=\"caption-attachment-500\" style=\"width: 1020px\" class=\"wp-caption aligncenter\"><img loading=\"lazy\" decoding=\"async\" class=\"size-large wp-image-500\" src=\"http:\/\/cleansuivn.com\/wp-content\/uploads\/2017\/11\/nha-may-cleansui-1-1024x616.jpg\" alt=\"nh\u00e0 m\u00e1y l\u1ecdc n\u01b0\u1edbc cleansui t\u1ea1i Nh\u1eadt\" width=\"1020\" height=\"614\" srcset=\"https:\/\/cleansuivn.com\/wp-content\/uploads\/2017\/11\/nha-may-cleansui-1-1024x616.jpg 1024w, https:\/\/cleansuivn.com\/wp-content\/uploads\/2017\/11\/nha-may-cleansui-1-300x181.jpg 300w, https:\/\/cleansuivn.com\/wp-content\/uploads\/2017\/11\/nha-may-cleansui-1-768x462.jpg 768w, https:\/\/cleansuivn.com\/wp-content\/uploads\/2017\/11\/nha-may-cleansui-1.jpg 1080w\" sizes=\"auto, (max-width: 1020px) 100vw, 1020px\" \/><figcaption id=\"caption-attachment-500\" class=\"wp-caption-text\">H\u00ecnh 1: Nh\u00e0 m\u00e1y s\u1ea3n xu\u1ea5t thi\u1ebft b\u1ecb l\u1ecdc n\u01b0\u1edbc Mitsubishi CleanSui<\/figcaption><\/figure>\n<p>\u00a0<\/p>\n<figure id=\"attachment_503\" aria-describedby=\"caption-attachment-503\" style=\"width: 500px\" class=\"wp-caption aligncenter\"><img loading=\"lazy\" decoding=\"async\" class=\"size-full wp-image-503\" src=\"http:\/\/cleansuivn.com\/wp-content\/uploads\/2017\/11\/nha-may-cleansui-4.jpg\" alt=\"nh\u00e0 m\u00e1y l\u1ecdc n\u01b0\u1edbc cleansui t\u1ea1i Nh\u1eadt\" width=\"500\" height=\"333\" srcset=\"https:\/\/cleansuivn.com\/wp-content\/uploads\/2017\/11\/nha-may-cleansui-4.jpg 500w, https:\/\/cleansuivn.com\/wp-content\/uploads\/2017\/11\/nha-may-cleansui-4-300x200.jpg 300w\" sizes=\"auto, (max-width: 500px) 100vw, 500px\" \/><figcaption id=\"caption-attachment-503\" class=\"wp-caption-text\">H\u00ecnh 2: Nh\u00e0 m\u00e1y s\u1ea3n xu\u1ea5t thi\u1ebft b\u1ecb l\u1ecdc n\u01b0\u1edbc Mitsubishi CleanSui<\/figcaption><\/figure>\n<p>\u00a0<\/p>\n<figure id=\"attachment_502\" aria-describedby=\"caption-attachment-502\" style=\"width: 500px\" class=\"wp-caption aligncenter\"><img loading=\"lazy\" decoding=\"async\" class=\"size-full wp-image-502\" src=\"http:\/\/cleansuivn.com\/wp-content\/uploads\/2017\/11\/nha-may-cleansui-3.jpg\" alt=\"nh\u00e0 m\u00e1y l\u1ecdc n\u01b0\u1edbc cleansui t\u1ea1i Nh\u1eadt\" width=\"500\" height=\"376\" srcset=\"https:\/\/cleansuivn.com\/wp-content\/uploads\/2017\/11\/nha-may-cleansui-3.jpg 500w, https:\/\/cleansuivn.com\/wp-content\/uploads\/2017\/11\/nha-may-cleansui-3-300x226.jpg 300w\" sizes=\"auto, (max-width: 500px) 100vw, 500px\" \/><figcaption id=\"caption-attachment-502\" class=\"wp-caption-text\">H\u00ecnh 3: Nh\u00e0 m\u00e1y s\u1ea3n xu\u1ea5t thi\u1ebft b\u1ecb l\u1ecdc n\u01b0\u1edbc Mitsubishi CleanSui<\/figcaption><\/figure>\n<p>\u00a0<\/p>\n<figure id=\"attachment_501\" aria-describedby=\"caption-attachment-501\" style=\"width: 500px\" class=\"wp-caption aligncenter\"><img loading=\"lazy\" decoding=\"async\" class=\"size-full wp-image-501\" src=\"http:\/\/cleansuivn.com\/wp-content\/uploads\/2017\/11\/nha-may-cleansui-2.jpg\" alt=\"nh\u00e0 m\u00e1y l\u1ecdc n\u01b0\u1edbc cleansui t\u1ea1i Nh\u1eadt\" width=\"500\" height=\"300\" srcset=\"https:\/\/cleansuivn.com\/wp-content\/uploads\/2017\/11\/nha-may-cleansui-2.jpg 500w, https:\/\/cleansuivn.com\/wp-content\/uploads\/2017\/11\/nha-may-cleansui-2-300x180.jpg 300w\" sizes=\"auto, (max-width: 500px) 100vw, 500px\" \/><figcaption id=\"caption-attachment-501\" class=\"wp-caption-text\">H\u00ecnh 4: Nh\u00e0 m\u00e1y s\u1ea3n xu\u1ea5t thi\u1ebft b\u1ecb l\u1ecdc n\u01b0\u1edbc Mitsubishi CleanSui<\/figcaption><\/figure>\n<p>\u00a0<\/p>\n<figure id=\"attachment_648\" aria-describedby=\"caption-attachment-648\" style=\"width: 500px\" class=\"wp-caption aligncenter\"><img loading=\"lazy\" decoding=\"async\" class=\"size-full wp-image-648\" src=\"http:\/\/cleansuivn.com\/wp-content\/uploads\/2018\/07\/Nha-may-loc-nuoc-cleansui-n1.jpg\" alt=\"Nh\u00e0 m\u00e1y s\u1ea3n xu\u1ea5t thi\u1ebft b\u1ecb l\u1ecdc n\u01b0\u1edbc Mitsubishi CleanSui\" width=\"500\" height=\"376\" srcset=\"https:\/\/cleansuivn.com\/wp-content\/uploads\/2018\/07\/Nha-may-loc-nuoc-cleansui-n1.jpg 500w, https:\/\/cleansuivn.com\/wp-content\/uploads\/2018\/07\/Nha-may-loc-nuoc-cleansui-n1-300x226.jpg 300w\" sizes=\"auto, (max-width: 500px) 100vw, 500px\" \/><figcaption id=\"caption-attachment-648\" class=\"wp-caption-text\">H\u00ecnh 5: Nh\u00e0 m\u00e1y s\u1ea3n xu\u1ea5t thi\u1ebft b\u1ecb l\u1ecdc n\u01b0\u1edbc Mitsubishi CleanSui<\/figcaption><\/figure>\n<p>\u00a0<\/p>\n<figure id=\"attachment_649\" aria-describedby=\"caption-attachment-649\" style=\"width: 500px\" class=\"wp-caption aligncenter\"><img loading=\"lazy\" decoding=\"async\" class=\"size-full wp-image-649\" src=\"http:\/\/cleansuivn.com\/wp-content\/uploads\/2018\/07\/nha-may-loc-nuoc-cleansui-n3.jpg\" alt=\"Nh\u00e0 m\u00e1y s\u1ea3n xu\u1ea5t thi\u1ebft b\u1ecb l\u1ecdc n\u01b0\u1edbc Mitsubishi CleanSui\" width=\"500\" height=\"376\" srcset=\"https:\/\/cleansuivn.com\/wp-content\/uploads\/2018\/07\/nha-may-loc-nuoc-cleansui-n3.jpg 500w, https:\/\/cleansuivn.com\/wp-content\/uploads\/2018\/07\/nha-may-loc-nuoc-cleansui-n3-300x226.jpg 300w\" sizes=\"auto, (max-width: 500px) 100vw, 500px\" \/><figcaption id=\"caption-attachment-649\" class=\"wp-caption-text\">H\u00ecnh 6: Nh\u00e0 m\u00e1y s\u1ea3n xu\u1ea5t thi\u1ebft b\u1ecb l\u1ecdc n\u01b0\u1edbc Mitsubishi CleanSui<\/figcaption><\/figure>\n<p>\u00a0<\/p>\n<figure id=\"attachment_650\" aria-describedby=\"caption-attachment-650\" style=\"width: 500px\" class=\"wp-caption aligncenter\"><img loading=\"lazy\" decoding=\"async\" class=\"size-full wp-image-650\" src=\"http:\/\/cleansuivn.com\/wp-content\/uploads\/2018\/07\/nha-may-cleansui-6.jpg\" alt=\"Nh\u00e0 m\u00e1y s\u1ea3n xu\u1ea5t thi\u1ebft b\u1ecb l\u1ecdc n\u01b0\u1edbc Mitsubishi CleanSui\" width=\"500\" height=\"368\" srcset=\"https:\/\/cleansuivn.com\/wp-content\/uploads\/2018\/07\/nha-may-cleansui-6.jpg 500w, https:\/\/cleansuivn.com\/wp-content\/uploads\/2018\/07\/nha-may-cleansui-6-300x221.jpg 300w\" sizes=\"auto, (max-width: 500px) 100vw, 500px\" \/><figcaption id=\"caption-attachment-650\" class=\"wp-caption-text\">H\u00ecnh 7: Nh\u00e0 m\u00e1y s\u1ea3n xu\u1ea5t thi\u1ebft b\u1ecb l\u1ecdc n\u01b0\u1edbc Mitsubishi CleanSui<\/figcaption><\/figure>\n<figure id=\"attachment_267\" aria-describedby=\"caption-attachment-267\" style=\"width: 1020px\" class=\"wp-caption alignleft\"><img loading=\"lazy\" decoding=\"async\" class=\"size-large wp-image-267\" src=\"http:\/\/cleansuivn.com\/wp-content\/uploads\/2017\/04\/Mr-noboru-CleanSui-1024x353.png\" alt=\"\u00d4ng Noboru CleanSui\" width=\"1020\" height=\"352\" srcset=\"https:\/\/cleansuivn.com\/wp-content\/uploads\/2017\/04\/Mr-noboru-CleanSui-1024x353.png 1024w, https:\/\/cleansuivn.com\/wp-content\/uploads\/2017\/04\/Mr-noboru-CleanSui-300x103.png 300w, https:\/\/cleansuivn.com\/wp-content\/uploads\/2017\/04\/Mr-noboru-CleanSui-768x265.png 768w, https:\/\/cleansuivn.com\/wp-content\/uploads\/2017\/04\/Mr-noboru-CleanSui.png 1207w\" sizes=\"auto, (max-width: 1020px) 100vw, 1020px\" \/><figcaption id=\"caption-attachment-267\" class=\"wp-caption-text\">\u00d4ng Noboru CleanSui<\/figcaption><\/figure>\n<p>\u00a0<\/p>\n<p>\u00a0<\/p>\n<p>\u00a0<\/p>\n<p>\u00a0<\/p>\n<p>\u00a0<\/p>\n<p>\u00a0<\/p>\n<p>\u00a0<\/p>\n<figure id=\"attachment_268\" aria-describedby=\"caption-attachment-268\" style=\"width: 1020px\" class=\"wp-caption alignleft\"><img loading=\"lazy\" decoding=\"async\" class=\"size-large wp-image-268\" src=\"http:\/\/cleansuivn.com\/wp-content\/uploads\/2017\/04\/Ms-naomi-CleanSui-1024x342.png\" alt=\"Ms. Naomi - CleanSui\" width=\"1020\" height=\"341\" srcset=\"https:\/\/cleansuivn.com\/wp-content\/uploads\/2017\/04\/Ms-naomi-CleanSui-1024x342.png 1024w, https:\/\/cleansuivn.com\/wp-content\/uploads\/2017\/04\/Ms-naomi-CleanSui-300x100.png 300w, https:\/\/cleansuivn.com\/wp-content\/uploads\/2017\/04\/Ms-naomi-CleanSui-768x256.png 768w, https:\/\/cleansuivn.com\/wp-content\/uploads\/2017\/04\/Ms-naomi-CleanSui.png 1187w\" sizes=\"auto, (max-width: 1020px) 100vw, 1020px\" \/><figcaption id=\"caption-attachment-268\" class=\"wp-caption-text\">Ms. Naomi &#8211; CleanSui<\/figcaption><\/figure>\n<p>\u00a0<\/p>\n<p>\u00a0<\/p>\n<h3><strong>C\u00e1c ch\u1ee9ng nh\u1eadn qu\u1ed1c t\u1ebf c\u1ea5p cho CleanSui:<\/strong><\/h3>\n<figure id=\"attachment_226\" aria-describedby=\"caption-attachment-226\" style=\"width: 1020px\" class=\"wp-caption alignnone\"><img loading=\"lazy\" decoding=\"async\" class=\"wp-image-226 size-large\" src=\"http:\/\/cleansuivn.com\/wp-content\/uploads\/2017\/07\/NSF-1024x707.jpg\" alt=\"Ch\u1ee9ng nh\u1eadn NSF (National Sanitary Foundation) l\u00e0 Trung t\u00e2m h\u1ee3p t\u00e1c v\u1ec1 An to\u00e0n Th\u1ef1c ph\u1ea9m v\u00e0 N\u01b0\u1edbc u\u1ed1ng c\u1ee7a T\u1ed5 ch\u1ee9c Y t\u1ebf Th\u1ebf gi\u1edbi (WHO).\" width=\"1020\" height=\"704\" srcset=\"https:\/\/cleansuivn.com\/wp-content\/uploads\/2017\/07\/NSF-1024x707.jpg 1024w, https:\/\/cleansuivn.com\/wp-content\/uploads\/2017\/07\/NSF-300x207.jpg 300w, https:\/\/cleansuivn.com\/wp-content\/uploads\/2017\/07\/NSF-768x530.jpg 768w, https:\/\/cleansuivn.com\/wp-content\/uploads\/2017\/07\/NSF.jpg 1303w\" sizes=\"auto, (max-width: 1020px) 100vw, 1020px\" \/><figcaption id=\"caption-attachment-226\" class=\"wp-caption-text\">Ch\u1ee9ng nh\u1eadn NSF (National Sanitary Foundation) l\u00e0 Trung t\u00e2m h\u1ee3p t\u00e1c v\u1ec1 An to\u00e0n Th\u1ef1c ph\u1ea9m v\u00e0 N\u01b0\u1edbc u\u1ed1ng c\u1ee7a T\u1ed5 ch\u1ee9c Y t\u1ebf Th\u1ebf gi\u1edbi (WHO).<\/figcaption><\/figure>\n<figure id=\"attachment_227\" aria-describedby=\"caption-attachment-227\" style=\"width: 1020px\" class=\"wp-caption alignnone\"><img loading=\"lazy\" decoding=\"async\" class=\"wp-image-227 size-large\" src=\"http:\/\/cleansuivn.com\/wp-content\/uploads\/2017\/07\/JIS-9001-2008-1024x707.jpg\" alt=\"JIS l\u00e0 ch\u1eef vi\u1ebft t\u1eaft c\u1ee7a Japan Industrial Standard\u2013 Ti\u00eau chu\u1ea9n c\u00f4ng nghi\u1ec7p Nh\u1eadt B\u1ea3n\" width=\"1020\" height=\"704\" srcset=\"https:\/\/cleansuivn.com\/wp-content\/uploads\/2017\/07\/JIS-9001-2008-1024x707.jpg 1024w, https:\/\/cleansuivn.com\/wp-content\/uploads\/2017\/07\/JIS-9001-2008-300x207.jpg 300w, https:\/\/cleansuivn.com\/wp-content\/uploads\/2017\/07\/JIS-9001-2008-768x530.jpg 768w, https:\/\/cleansuivn.com\/wp-content\/uploads\/2017\/07\/JIS-9001-2008.jpg 1303w\" sizes=\"auto, (max-width: 1020px) 100vw, 1020px\" \/><figcaption id=\"caption-attachment-227\" class=\"wp-caption-text\">JIS l\u00e0 ch\u1eef vi\u1ebft t\u1eaft c\u1ee7a Japan Industrial Standard\u2013 Ti\u00eau chu\u1ea9n c\u00f4ng nghi\u1ec7p Nh\u1eadt B\u1ea3n<\/figcaption><\/figure>\n<figure id=\"attachment_228\" aria-describedby=\"caption-attachment-228\" style=\"width: 1020px\" class=\"wp-caption alignnone\"><img loading=\"lazy\" decoding=\"async\" class=\"wp-image-228 size-large\" src=\"http:\/\/cleansuivn.com\/wp-content\/uploads\/2017\/07\/JFRL-1024x707.jpg\" alt=\"Ch\u1ee9ng nh\u1eadn JFRL - Japan Food Research Laboratories. Trung t\u00e2m nghi\u00ean c\u1ee9u v\u00e0 ph\u00e1t tri\u1ec3n c\u00e1c gi\u1ea3i ph\u00e1p v\u1ec1 an to\u00e0n th\u1ef1c ph\u1ea9m c\u1ee7a Nh\u1eadt B\u1ea3n.\" width=\"1020\" height=\"704\" srcset=\"https:\/\/cleansuivn.com\/wp-content\/uploads\/2017\/07\/JFRL-1024x707.jpg 1024w, https:\/\/cleansuivn.com\/wp-content\/uploads\/2017\/07\/JFRL-300x207.jpg 300w, https:\/\/cleansuivn.com\/wp-content\/uploads\/2017\/07\/JFRL-768x530.jpg 768w, https:\/\/cleansuivn.com\/wp-content\/uploads\/2017\/07\/JFRL.jpg 1303w\" sizes=\"auto, (max-width: 1020px) 100vw, 1020px\" \/><figcaption id=\"caption-attachment-228\" class=\"wp-caption-text\">Ch\u1ee9ng nh\u1eadn JFRL &#8211; Japan Food Research Laboratories. Trung t\u00e2m nghi\u00ean c\u1ee9u v\u00e0 ph\u00e1t tri\u1ec3n c\u00e1c gi\u1ea3i ph\u00e1p v\u1ec1 an to\u00e0n th\u1ef1c ph\u1ea9m c\u1ee7a Nh\u1eadt B\u1ea3n.<\/figcaption><\/figure>\n<p><strong>K\u1ebft qu\u1ea3 th\u1eed nghi\u1ec7m vi\u1ec7n Pasteur<\/strong><\/p>\n<p>\u00a0<\/p>\n<p><img loading=\"lazy\" decoding=\"async\" class=\"size-large wp-image-12097 aligncenter\" src=\"https:\/\/cleansuivn.com\/wp-content\/uploads\/2021\/06\/Phieu-ket-qua-thu-nghiem-Cleansui-2021-KQ-720x1024.png\" alt=\"M\u00e1y l\u1ecdc n\u01b0\u1edbc Cleansui - K\u1ebft qu\u1ea3 test vi\u1ec7n Pasteur 2021\" width=\"720\" height=\"1024\" srcset=\"https:\/\/cleansuivn.com\/wp-content\/uploads\/2021\/06\/Phieu-ket-qua-thu-nghiem-Cleansui-2021-KQ-720x1024.png 720w, https:\/\/cleansuivn.com\/wp-content\/uploads\/2021\/06\/Phieu-ket-qua-thu-nghiem-Cleansui-2021-KQ-211x300.png 211w, https:\/\/cleansuivn.com\/wp-content\/uploads\/2021\/06\/Phieu-ket-qua-thu-nghiem-Cleansui-2021-KQ-768x1092.png 768w, https:\/\/cleansuivn.com\/wp-content\/uploads\/2021\/06\/Phieu-ket-qua-thu-nghiem-Cleansui-2021-KQ-510x725.png 510w, https:\/\/cleansuivn.com\/wp-content\/uploads\/2021\/06\/Phieu-ket-qua-thu-nghiem-Cleansui-2021-KQ.png 788w\" sizes=\"auto, (max-width: 720px) 100vw, 720px\" \/><\/p>\n<p>\u00a0<\/p>\n<p>\u00a0<\/p>\n<p><img loading=\"lazy\" decoding=\"async\" class=\"size-large wp-image-12095 aligncenter\" src=\"https:\/\/cleansuivn.com\/wp-content\/uploads\/2021\/06\/Phieu-ket-qua-thu-nghiem-Cleansui-2021-740x1024.png\" alt=\"M\u00e1y L\u1ecdc n\u01b0\u1edbc Cleansui - K\u1ebft qu\u1ea3 test vi\u1ec7n Pasteur\" width=\"740\" height=\"1024\" srcset=\"https:\/\/cleansuivn.com\/wp-content\/uploads\/2021\/06\/Phieu-ket-qua-thu-nghiem-Cleansui-2021-740x1024.png 740w, https:\/\/cleansuivn.com\/wp-content\/uploads\/2021\/06\/Phieu-ket-qua-thu-nghiem-Cleansui-2021-217x300.png 217w, https:\/\/cleansuivn.com\/wp-content\/uploads\/2021\/06\/Phieu-ket-qua-thu-nghiem-Cleansui-2021-768x1062.png 768w, https:\/\/cleansuivn.com\/wp-content\/uploads\/2021\/06\/Phieu-ket-qua-thu-nghiem-Cleansui-2021-510x705.png 510w, https:\/\/cleansuivn.com\/wp-content\/uploads\/2021\/06\/Phieu-ket-qua-thu-nghiem-Cleansui-2021.png 788w\" sizes=\"auto, (max-width: 740px) 100vw, 740px\" \/><\/p>\n<p>\u00a0<\/p>\n<h3><strong><b>\u01afu \u0111i\u1ec3m thi\u1ebft b\u1ecb l\u1ecdc n\u01b0\u1edbc Mitsubishi CleanSui:<\/b><\/strong><\/h3>\n<ul>\n<li>C\u00f4ng ngh\u1ec7 ti\u1ebfn ti\u1ebfn \u0111\u1ed9c quy\u1ec1n \u201c<strong>Hollow fibre membrane\u201d<\/strong> \u0111\u01b0\u1ee3c ph\u00e1t minh b\u1edfi <strong>CleanSui &#8211; Mitsubishi<\/strong> Nh\u1eadt B\u1ea3n.<\/li>\n<li>Nh\u1ecf g\u1ecdn, kh\u00f4ng chi\u1ebfm di\u1ec7n t\u00edch.<\/li>\n<li>U\u1ed1ng n\u01b0\u1edbc tinh khi\u1ebft tr\u1ef1c ti\u1ebfp t\u1ea1i v\u00f2i.<\/li>\n<li>Gi\u1eef l\u1ea1i <strong>KHO\u00c1NG CH\u1ea4T<\/strong> c\u00f3 l\u1ee3i cho c\u01a1 th\u1ec3.<\/li>\n<li>Kh\u00f4ng s\u1eed d\u1ee5ng \u0111i\u1ec7n.<\/li>\n<li>Kh\u00f4ng l\u00e3ng ph\u00ed n\u01b0\u1edbc.<\/li>\n<li>D\u1ec5 d\u00e0ng l\u1eafp \u0111\u1eb7t, th\u00e1o-r\u00e1p.<\/li>\n<li>C\u00f3 \u0111\u1ed3ng h\u1ed3 hi\u1ec3n th\u1ecb ch\u00ednh x\u00e1c th\u1eddi \u0111i\u1ec3m c\u1ea7n thay m\u1edbi l\u00f5i l\u1ecdc (D\u00f2ng m\u00e1y m\u00e3 hi\u1ec7u <strong>EF102<\/strong>).<\/li>\n<li>L\u1ecdc lo\u1ea1i b\u1ecf kim lo\u1ea1i n\u1eb7ng, r\u1ec9 s\u00e9t, s\u1eaft, ch\u00ec h\u00f2a tan.<\/li>\n<li>L\u1ecdc lo\u1ea1i b\u1ecf c\u00e1c h\u00f3a ch\u1ea5t nh\u01b0 thu\u1ed1c di\u1ec7t c\u1ecf, tr\u1eeb s\u00e2u, v\u00e0 c\u00e1c <strong>ch\u1ea5t g\u00e2y ung th\u01b0<\/strong> thu\u1ed9c nh\u00f3m <strong>CAT<\/strong>.<\/li>\n<li>L\u1ecdc lo\u1ea1i b\u1ecf ho\u00e0n to\u00e0n vi khu\u1ea9n, nh\u01b0 <strong>E.coli, Serratia, Salmonella typhi, Vibrio cholerae, Shigella<\/strong>,\u2026<\/li>\n<li>Th\u00edch h\u1ee3p cho gia \u0111\u00ecnh, v\u0103n ph\u00f2ng, kinh doanh (nh\u00e0 h\u00e0ng, ti\u1ec7m c\u00e0 ph\u00ea&#8230;).<\/li>\n<\/ul>\n<p><img loading=\"lazy\" decoding=\"async\" class=\"aligncenter size-full wp-image-652\" src=\"http:\/\/cleansuivn.com\/wp-content\/uploads\/2018\/07\/hinh-anh-cleansui.jpg\" alt=\"\" width=\"478\" height=\"357\" srcset=\"https:\/\/cleansuivn.com\/wp-content\/uploads\/2018\/07\/hinh-anh-cleansui.jpg 478w, https:\/\/cleansuivn.com\/wp-content\/uploads\/2018\/07\/hinh-anh-cleansui-300x224.jpg 300w\" sizes=\"auto, (max-width: 478px) 100vw, 478px\" \/><\/p>\n<p>\u00a0<\/p>\n<p><span style=\"border-radius: 2px; text-indent: 20px; width: auto; padding: 0px 4px 0px 0px; text-align: center; font: bold 11px\/20px 'Helvetica Neue',Helvetica,sans-serif; color: #ffffff; background: #bd081c no-repeat scroll 3px 50% \/ 14px 14px; position: absolute; opacity: 1; z-index: 8675309; display: none; cursor: pointer; top: 1092px; left: 20px;\">Save<\/span><\/p>\n\n","protected":false},"excerpt":{"rendered":"","protected":false},"author":1,"featured_media":0,"parent":0,"menu_order":0,"comment_status":"closed","ping_status":"closed","template":"","meta":{"content-type":"","footnotes":""},"class_list":["post-29","page","type-page","status-publish","hentry"],"_links":{"self":[{"href":"https:\/\/cleansuivn.com\/index.php\/wp-json\/wp\/v2\/pages\/29","targetHints":{"allow":["GET"]}}],"collection":[{"href":"https:\/\/cleansuivn.com\/index.php\/wp-json\/wp\/v2\/pages"}],"about":[{"href":"https:\/\/cleansuivn.com\/index.php\/wp-json\/wp\/v2\/types\/page"}],"author":[{"embeddable":true,"href":"https:\/\/cleansuivn.com\/index.php\/wp-json\/wp\/v2\/users\/1"}],"replies":[{"embeddable":true,"href":"https:\/\/cleansuivn.com\/index.php\/wp-json\/wp\/v2\/comments?post=29"}],"version-history":[{"count":12,"href":"https:\/\/cleansuivn.com\/index.php\/wp-json\/wp\/v2\/pages\/29\/revisions"}],"predecessor-version":[{"id":12098,"href":"https:\/\/cleansuivn.com\/index.php\/wp-json\/wp\/v2\/pages\/29\/revisions\/12098"}],"wp:attachment":[{"href":"https:\/\/cleansuivn.com\/index.php\/wp-json\/wp\/v2\/media?parent=29"}],"curies":[{"name":"wp","href":"https:\/\/api.w.org\/{rel}","templated":true}]}}