{"id":105,"date":"2017-04-17T15:35:22","date_gmt":"2017-04-17T08:35:22","guid":{"rendered":"http:\/\/cleansuivn.com\/?post_type=product&#038;p=105"},"modified":"2023-02-05T13:13:55","modified_gmt":"2023-02-05T06:13:55","slug":"cleansui-md101","status":"publish","type":"product","link":"https:\/\/cleansuivn.com\/index.php\/san-pham\/cleansui-md101\/","title":{"rendered":"M\u00e1y l\u1ecdc n\u01b0\u1edbc CleanSui EF201"},"content":{"rendered":"<p>M\u00e1y l\u1ecdc n\u01b0\u1edbc tr\u1ef1c ti\u1ebfp t\u1ea1i v\u00f2i <strong><b>CleanSui EF201<\/b><\/strong> h\u00e3ng <strong>Mitsubishi<\/strong> Nh\u1eadt B\u1ea3n. Phi\u00ean b\u1ea3n kh\u00f4ng c\u00f3 m\u00e0ng h\u00ecnh hi\u1ec3n th\u1ecb th\u1eddi gian thay l\u00f5i l\u1ecdc m\u1edbi.<\/p>\n<p><strong><u><b>\u01afU \u0110I\u1ec2M:<\/b><\/u><\/strong><\/p>\n<ul>\n<li>Nh\u1ecf g\u1ecdn, l\u1eafp \u0111\u1eb7t nhanh ch\u00f3ng ti\u1ec7n l\u1ee3i.<\/li>\n<li>Gi\u1eef l\u1ea1i c\u00e1c KHO\u00c1NG CH\u1ea4T c\u00f3 l\u1ee3i cho c\u01a1 th\u1ec3.<\/li>\n<li>Kh\u00f4ng s\u1eed d\u1ee5ng \u0111i\u1ec7n, l\u00e3ng ph\u00ed n\u01b0\u1edbc nh\u01b0 c\u00f4ng ngh\u1ec7 RO (th\u1ea9m th\u1ea5u ng\u01b0\u1ee3c).<\/li>\n<li>S\u1eed d\u1ee5ng c\u00f4ng ngh\u1ec7 \u0111\u1ea7u l\u1ecdc m\u1edbi nh\u1ea5t \u201cSuper High Grade\u201d.<\/li>\n<li>C\u00f3 ch\u1ebf \u0111\u1ed9 s\u1eed d\u1ee5ng n\u01b0\u1edbc qua l\u00f5i l\u1ecdc ho\u1eb7c n\u01b0\u1edbc ngu\u1ed3n tr\u1ef1c ti\u1ebfp.<\/li>\n<li>L\u1ecdc lo\u1ea1i b\u1ecf kim lo\u1ea1i n\u1eb7ng, r\u1ec9 s\u00e9t, s\u1eaft, ch\u00ec h\u00f2a tan.<\/li>\n<li>L\u1ecdc lo\u1ea1i b\u1ecf c\u00e1c h\u00f3a ch\u1ea5t nh\u01b0 thu\u1ed1c di\u1ec7t c\u1ecf, tr\u1eeb s\u00e2u, v\u00e0 c\u00e1c ch\u1ea5t g\u00e2y ung th\u01b0 thu\u1ed9c nh\u00f3m CAT.<\/li>\n<li>L\u1ecdc lo\u1ea1i b\u1ecf ho\u00e0n to\u00e0n vi khu\u1ea9n, Virus nh\u01b0 E.coli, Serratia, Salmonella typhi, Vibrio cholerae, Shigella,\u2026<\/li>\n<li>Lo\u1ea1i b\u1ecf c\u00e1c m\u00f9i v\u1ecb kh\u00f3 ch\u1ecbu t\u1eeb n\u1ea5m m\u1ed1c.<\/li>\n<\/ul>\n<p><strong><u><b>B\u1ea2O H\u00c0NH:<\/b><\/u><\/strong><strong><u><b><br \/>\n<\/b><\/u><\/strong>&#8211; 12 th\u00e1ng \u0111\u1ed1i v\u1edbi thi\u1ebft b\u1ecb ch\u00ednh. L\u00f5i l\u1ecdc thay m\u1edbi theo \u0111\u1ecbnh k\u1ef3.<br \/>\n&#8211; N\u00ean thay m\u1edbi l\u00f5i l\u1ecdc sau 4-5 th\u00e1ng s\u1eed d\u1ee5ng.<\/p>\n<p><strong><u><b>L\u01afU \u00dd:<\/b><\/u><\/strong><strong><u><b><br \/>\n<\/b><\/u><\/strong>&#8211; Thi\u1ebft b\u1ecb ph\u00f9 h\u1ee3p s\u1eed d\u1ee5ng tr\u1ef1c ti\u1ebfp t\u1ea1i v\u00f2i (n\u01b0\u1edbc l\u1ea1nh). KH\u00d4NG CHO N\u01af\u1edaC N\u00d3NG \u0110I QUA THI\u1ebeT B\u1eca.<\/p>\n<p><strong>T\u00c0I LI\u1ec6U LI\u00caN QUAN:<\/strong><\/p>\n<ul>\n<li><span style=\"color: #0000ff;\"><a href=\"http:\/\/cleansuivn.com\/index.php\/2017\/06\/27\/huong-dan-lap-dat-thiet-bi-loc-nuoc-cleansui\/\">H\u01b0\u1edbng d\u1eabn l\u1eafp \u0111\u1eb7t thi\u1ebft b\u1ecb.<\/a><\/span><\/li>\n<li><span style=\"color: #0000ff;\"><a href=\"http:\/\/cleansuivn.com\/index.php\/2017\/07\/03\/chung-nhan-quoc-te\/\">Ch\u1ee9ng nh\u1eadn qu\u1ed1c t\u1ebf <\/a><\/span><\/li>\n<li><a href=\"http:\/\/cleansuivn.com\/wp-content\/uploads\/2017\/11\/Catalog-MD101-2018.pdf\">T\u1ea3i catalog l\u1ecdc n\u01b0\u1edbc CleanSui EF201<\/a>.<\/li>\n<li><a href=\"http:\/\/cleansuivn.com\/index.php\/2018\/04\/18\/he-lo-bi-mat-cong-nghe-loc-nuoc-mitsubishi-cleansui\/\">T\u1ea1i sao n\u00ean ch\u1ecdn c\u00f4ng ngh\u1ec7 l\u1ecdc n\u01b0\u1edbc Mitsubishi CleanSui Nh\u1eadt B\u1ea3n?<\/a><\/li>\n<li><a href=\"http:\/\/cleansuivn.com\/index.php\/san-pham\/loi-loc-cleansui-mdc01e-s\/\">L\u00f5i l\u1ecdc thay th\u1ebf MDC01E-S \/ EFC21<\/a><\/li>\n<\/ul>\n","protected":false},"excerpt":{"rendered":"<p>M\u00e1y l\u1ecdc tr\u1ef1c ti\u1ebfp t\u1ea1i ngu\u1ed3n <strong>CleanSui EF201<\/strong> h\u00e3ng <strong>Mitsubishi<\/strong> Nh\u1eadt B\u1ea3n. Phi\u00ean b\u1ea3n kh\u00f4ng c\u00f3 m\u00e0ng h\u00ecnh hi\u1ec3n th\u1ecb th\u1eddi gian thay l\u00f5i l\u1ecdc m\u1edbi.<\/p>\n","protected":false},"featured_media":11937,"comment_status":"open","ping_status":"closed","template":"","meta":{"content-type":""},"product_brand":[],"product_cat":[18,251],"product_tag":[209,26,210,101,41,102,42,43,44,107,103,154,201,27],"class_list":{"0":"post-105","1":"product","2":"type-product","3":"status-publish","4":"has-post-thumbnail","6":"product_cat-thiet-bi-loc-nuoc","7":"product_cat-may-loc-nuoc-cleansui-gan-tai-voi","8":"product_tag-cleansui-ef201","9":"product_tag-cleansui-md101","10":"product_tag-cleansui-md101e-s","11":"product_tag-cleansui-vietnam","12":"product_tag-gia-cleansui-md101","13":"product_tag-gia-may-loc-nuoc-mitsubishi","14":"product_tag-gia-md101","15":"product_tag-loc-nuoc-cleansui","16":"product_tag-loc-nuoc-cong-nghe-nhat-ban","17":"product_tag-loc-nuoc-mitsubishi","18":"product_tag-loc-nuoc-nhat-ban","19":"product_tag-may-loc-nuoc-cleansui","20":"product_tag-may-loc-nuoc-mitusbishi","21":"product_tag-md101","23":"first","24":"instock","25":"shipping-taxable","26":"purchasable","27":"product-type-simple"},"_links":{"self":[{"href":"https:\/\/cleansuivn.com\/index.php\/wp-json\/wp\/v2\/product\/105","targetHints":{"allow":["GET"]}}],"collection":[{"href":"https:\/\/cleansuivn.com\/index.php\/wp-json\/wp\/v2\/product"}],"about":[{"href":"https:\/\/cleansuivn.com\/index.php\/wp-json\/wp\/v2\/types\/product"}],"replies":[{"embeddable":true,"href":"https:\/\/cleansuivn.com\/index.php\/wp-json\/wp\/v2\/comments?post=105"}],"wp:featuredmedia":[{"embeddable":true,"href":"https:\/\/cleansuivn.com\/index.php\/wp-json\/wp\/v2\/media\/11937"}],"wp:attachment":[{"href":"https:\/\/cleansuivn.com\/index.php\/wp-json\/wp\/v2\/media?parent=105"}],"wp:term":[{"taxonomy":"product_brand","embeddable":true,"href":"https:\/\/cleansuivn.com\/index.php\/wp-json\/wp\/v2\/product_brand?post=105"},{"taxonomy":"product_cat","embeddable":true,"href":"https:\/\/cleansuivn.com\/index.php\/wp-json\/wp\/v2\/product_cat?post=105"},{"taxonomy":"product_tag","embeddable":true,"href":"https:\/\/cleansuivn.com\/index.php\/wp-json\/wp\/v2\/product_tag?post=105"}],"curies":[{"name":"wp","href":"https:\/\/api.w.org\/{rel}","templated":true}]}}