{"id":12055,"date":"2021-03-07T20:00:53","date_gmt":"2021-03-07T13:00:53","guid":{"rendered":"https:\/\/cleansuivn.com\/?post_type=product&#038;p=12055"},"modified":"2025-04-02T10:39:36","modified_gmt":"2025-04-02T03:39:36","slug":"loc-nuoc-dau-nguon-cleansui-mpoe-s","status":"publish","type":"product","link":"https:\/\/cleansuivn.com\/index.php\/san-pham\/loc-nuoc-dau-nguon-cleansui-mpoe-s\/","title":{"rendered":"L\u1ecdc n\u01b0\u1edbc \u0111\u1ea7u ngu\u1ed3n Cleansui MPOE-S"},"content":{"rendered":"\t<div class=\"img has-hover x md-x lg-x y md-y lg-y\" id=\"image_550849561\">\n\t\t\t\t\t\t\t\t<div class=\"img-inner dark\" >\n\t\t\t<img loading=\"lazy\" decoding=\"async\" width=\"1020\" height=\"639\" src=\"https:\/\/cleansuivn.com\/wp-content\/uploads\/2021\/03\/Loc-nuoc-Cleansui-MPOE050E-loc-tong-toa-nha-1024x642.jpg\" class=\"attachment-large size-large\" alt=\"\" srcset=\"https:\/\/cleansuivn.com\/wp-content\/uploads\/2021\/03\/Loc-nuoc-Cleansui-MPOE050E-loc-tong-toa-nha-1024x642.jpg 1024w, https:\/\/cleansuivn.com\/wp-content\/uploads\/2021\/03\/Loc-nuoc-Cleansui-MPOE050E-loc-tong-toa-nha-300x188.jpg 300w, https:\/\/cleansuivn.com\/wp-content\/uploads\/2021\/03\/Loc-nuoc-Cleansui-MPOE050E-loc-tong-toa-nha-768x481.jpg 768w, https:\/\/cleansuivn.com\/wp-content\/uploads\/2021\/03\/Loc-nuoc-Cleansui-MPOE050E-loc-tong-toa-nha-510x320.jpg 510w, https:\/\/cleansuivn.com\/wp-content\/uploads\/2021\/03\/Loc-nuoc-Cleansui-MPOE050E-loc-tong-toa-nha.jpg 1410w\" sizes=\"auto, (max-width: 1020px) 100vw, 1020px\" \/>\t\t\t\t\t\t\n\t\t\t\t\t<\/div>\n\t\t\t\t\t\t\t\t\n<style>\n#image_550849561 {\n  width: 80%;\n}\n<\/style>\n\t<\/div>\n\t\n<p><strong>H\u1ec7 th\u1ed1ng l\u1ecdc t\u1ed5ng MPOE:<\/strong><\/p>\n<p>H\u1ec7 th\u1ed1ng l\u1ecdc t\u1ed5ng l\u00e0 h\u1ec7 th\u1ed1ng l\u1ecdc n\u01b0\u1edbc t\u1ea1i \u0111\u1ea7u ngu\u1ed3n n\u01b0\u1edbc c\u1ea5p \u0111\u1ec3 l\u00e0m s\u1ea1ch ngu\u1ed3n n\u01b0\u1edbc d\u00f9ng cho sinh ho\u1ea1t v\u00e0 s\u1ea3n xu\u1ea5t h\u00e0ng ng\u00e0y.<\/p>\n<p><strong>\u01afu \u0111i\u1ec3m: <\/strong><\/p>\n<ol>\n<li>H\u1ec7 th\u1ed1ng c\u00f3 ch\u1ee9c n\u0103ng t\u1ef1 l\u00e0m s\u1ea1ch l\u00f5i l\u1ecdc gi\u00fap k\u00e9o d\u00e0i th\u1eddi gian s\u1eed d\u1ee5ng l\u00f5i l\u1ecdc.<\/li>\n<li>N\u01b0\u1edbc s\u1ea1ch: gi\u00fap b\u1ea3o v\u1ec7 \u0111\u01b0\u1eddng \u1ed1ng, thi\u1ebft b\u1ecb v\u00e0 qu\u1ea7n \u00e1o<\/li>\n<li>N\u01b0\u1edbc an to\u00e0n: gi\u1eef l\u1ea1i Clo d\u01b0 trong n\u01b0\u1edbc \u0111\u1ec3 kh\u1eed khu\u1ea9n tr\u01b0\u1edbc khi s\u1eed d\u1ee5ng cho c\u00e1c ho\u1ea1t \u0111\u1ed9ng sinh ho\u1ea1t h\u1eb1ng ng\u00e0y.<\/li>\n<\/ol>\n<p><strong>T\u1ea1i sao n\u00ean d\u00f9ng l\u1ecdc t\u1ed5ng \u0111\u1ea7u ngu\u1ed3n ?<\/strong><\/p>\n<ul>\n<li>Trong qu\u00e1 tr\u00ecnh ph\u00e2n ph\u1ed1i t\u1eeb nh\u00e0 m\u00e1y n\u01b0\u1edbc \u0111\u1ebfn nh\u00e0 \u0111\u1ec3 s\u1eed d\u1ee5ng, c\u00e1c t\u1ea1p ch\u1ea5t \u0111\u1ed9c h\u1ea1i hay vi khu\u1ea9n t\u1ed3n t\u1ea1i trong h\u1ec7 th\u1ed1ng \u0111\u01b0\u1eddng \u1ed1ng d\u1eabn n\u01b0\u1edbc b\u1ecb xu\u1ed1ng c\u1ea5p, c\u00f3 th\u1ec3 g\u00e2y \u1ea3nh h\u01b0\u1edfng \u0111\u1ebfn ch\u1ea5t l\u01b0\u1ee3ng ngu\u1ed3n n\u01b0\u1edbc.<\/li>\n<li>C\u00f3 c\u00f4ng su\u1ea5t l\u1ecdc r\u1ea5t l\u1edbn. Nh\u1edd v\u1eady, v\u1ec1 l\u00e2u d\u00e0i, s\u1eed d\u1ee5ng h\u1ec7 th\u1ed1ng l\u1ecdc t\u1ed5ng s\u1ebd ti\u1ebft ki\u1ec7m \u0111\u00e1ng k\u1ec3 chi ph\u00ed n\u01b0\u1edbc s\u1ea1ch cho gia ch\u1ee7.<\/li>\n<li>Lo\u1ea1i b\u1ecf c\u00e1c t\u1ea1p ch\u1ea5t, vi khu\u1ea9n c\u00f3 h\u1ea1i trong n\u01b0\u1edbc tr\u01b0\u1edbc khi \u0111\u01b0\u1ee3c ph\u00e2n ph\u1ed1i \u0111\u1ebfn t\u1eebng khu v\u1ef1c s\u1eed d\u1ee5ng trong nh\u00e0, \u0111\u1ea3m b\u1ea3o v\u1ec7 sinh v\u00e0 an to\u00e0n cho ngu\u1ed3n n\u01b0\u1edbc s\u1eed d\u1ee5ng \u0111\u1ec3 s\u01a1 ch\u1ebf, ch\u1ebf bi\u1ebfn th\u1ef1c ph\u1ea9m, t\u1eafm gi\u1eb7t, v.v&#8230; \u0110\u1ed3ng th\u1eddi, l\u00e0m s\u1ea1ch n\u01b0\u1edbc ngay t\u1eeb \u0111\u1ea7u ngu\u1ed3n v\u1edbi h\u1ec7 th\u1ed1ng l\u1ecdc t\u1ed5ng c\u0169ng g\u00f3p ph\u1ea7n h\u1ea1n ch\u1ebf h\u1ecfng h\u00f3c, \u0111\u1ea3m b\u1ea3o \u0111\u1ed9 b\u1ec1n cho c\u00e1c thi\u1ebft b\u1ecb gia d\u1ee5ng.<\/li>\n<\/ul>\n<p><strong>T\u1ea1i sao b\u1ea1n n\u00ean ch\u1ecdn l\u1ecdc t\u1ed5ng \u0111\u1ea7u ngu\u1ed3n Cleansui?<\/strong><\/p>\n<ol>\n<li><strong>C\u00f4ng ngh\u1ec7 l\u1ecdc ti\u00ean ti\u1ebfn t\u1eeb nh\u1eadt b\u1ea3n<\/strong>: H\u1ec7 th\u1ed1ng l\u1ecdc t\u1ed5ng POE s\u1eed d\u1ee5ng b\u1ed9 l\u1ecdc Cleansui MPOE050, \u0111\u01b0\u1ee3c s\u1ea3n xu\u1ea5t v\u00e0 nh\u1eadp kh\u1ea9u 100% t\u1eeb Nh\u1eadt B\u1ea3n. \u1ee8ng d\u1ee5ng c\u00f4ng ngh\u1ec7 m\u00e0ng l\u1ecdc s\u1ee3i r\u1ed7ng gi\u00fap lo\u1ea1i b\u1ecf c\u00e1c t\u1ea1p ch\u1ea5t v\u00e0 vi khu\u1ea9n.<\/li>\n<li><strong>\u0110i\u1ec1u khi\u1ec3n t\u1ef1 \u0111\u1ed9ng<\/strong>: H\u1ec7 th\u1ed1ng l\u1ecdc t\u1ed5ng POE \u0111\u01b0\u1ee3c v\u1eadn h\u00e0nh ho\u00e0n to\u00e0n t\u1ef1 \u0111\u1ed9ng nh\u1edd b\u1ed9 \u0111i\u1ec1u khi\u1ec3n \u0111i\u1ec7n t\u1eed th\u00f4ng minh. Phi\u00ean b\u1ea3n cao c\u1ea5p c\u1ee7a d\u00f2ng s\u1ea3n ph\u1ea9m c\u00f2n \u0111\u01b0\u1ee3c trang b\u1ecb th\u00eam m\u00e0n h\u00ecnh \u0111i\u1ec1u khi\u1ec3n c\u1ea3m \u1ee9ng, gi\u00fap ng\u01b0\u1eddi d\u00f9ng d\u1ec5 d\u00e0ng c\u00e0i \u0111\u1eb7t kh\u1ed1i l\u01b0\u1ee3ng n\u01b0\u1edbc l\u1ecdc, th\u1eddi gian t\u1ef1 \u0111\u1ed9ng l\u00e0m s\u1ea1ch theo th\u1eddi gian th\u1ef1c t\u1ebf. \u0110\u1eb7c bi\u1ec7t, m\u00e0n h\u00ecnh \u0111i\u1ec1u khi\u1ec3n c\u1ea3m \u1ee9ng c\u00f3 th\u1ec3 di chuy\u1ec3n v\u00e0 \u0111\u1eb7t b\u1ea5t k\u1ef3 v\u1ecb tr\u00ed n\u00e0o trong nh\u00e0 \u0111\u1ec3 ng\u01b0\u1eddi d\u00f9ng c\u00f3 th\u1ec3 \u0111i\u1ec1u khi\u1ec3n ho\u1ea1t \u0111\u1ed9ng c\u1ee7a h\u1ec7 th\u1ed1ng m\u1ed9t c\u00e1ch d\u1ec5 d\u00e0ng.<\/li>\n<li><strong>K\u00edch th\u01b0\u1edbc nh\u1ecf g\u1ecdn ti\u1ebft ki\u1ec7m kh\u00f4ng gian<\/strong>: H\u1ec7 th\u1ed1ng l\u1ecdc t\u1ed5ng POE c\u00f3 k\u00edch th\u01b0\u1edbc nh\u1ecf h\u01a1n so v\u1edbi c\u00e1c thi\u1ebft b\u1ecb l\u1ecdc t\u1ed5ng kh\u00e1c tr\u00ean th\u1ecb tr\u01b0\u1eddng (r\u1ed9ng 345 x d\u00e0i 645 x cao 885 mm) gi\u00fap ti\u1ebft ki\u1ec7m \u0111\u00e1ng k\u1ec3 kh\u00f4ng gian l\u1eafp \u0111\u1eb7t.<\/li>\n<li><strong>C\u1ea5u t\u1ea1o b\u1ed9 l\u1ecdc k\u00e9p kh\u00f4ng d\u00f9ng h\u00f3a ch\u1ea5t<\/strong>: H\u1ec7 th\u1ed1ng l\u1ecdc t\u1ed5ng MPOE c\u00f3 thi\u1ebft k\u1ebf th\u00f4ng minh, s\u1eed d\u1ee5ng 2 b\u1ed9 l\u1ecdc \u1ee9ng d\u1ee5ng c\u00f4ng ngh\u1ec7 m\u00e0ng l\u1ecdc s\u1ee3i r\u1ed7ng. C\u00e1c b\u1ed9 l\u1ecdc ho\u00e0n to\u00e0n kh\u00f4ng ch\u1ee9a h\u00f3a ch\u1ea5t, \u0111\u1ea3m b\u1ea3o an to\u00e0n tuy\u1ec7t \u0111\u1ed1i cho s\u1ee9c kh\u1ecfe ng\u01b0\u1eddi d\u00f9ng v\u00e0 m\u00f4i tr\u01b0\u1eddng.<\/li>\n<li><strong>C\u01a1 ch\u1ebf t\u1ef1 \u0111\u1ed9ng l\u00e0m s\u1ea1ch b\u1ed9 l\u1ecdc<\/strong>: C\u01a1 ch\u1ebf t\u1ef1 \u0111\u1ed9ng l\u00e0m s\u1ea1ch th\u00f4ng minh gi\u00fap k\u00e9o d\u00e0i tu\u1ed5i th\u1ecd c\u1ee7a b\u1ed9 l\u1ecdc v\u00e0 \u0111\u1ed9 b\u1ec1n c\u1ee7a h\u1ec7 th\u1ed1ng l\u1ecdc t\u1ed5ng.<\/li>\n<li><strong>Gi\u1eef l\u1ea1i Clo trong n\u01b0\u1edbc \u0111\u1ec3 kh\u00e1ng khu\u1ea9n<\/strong>: N\u01b0\u1edbc sau khi \u0111\u01b0\u1ee3c l\u1ecdc b\u1edfi h\u1ec7 th\u1ed1ng l\u00e0 n\u01b0\u1edbc s\u1ea1ch, kh\u00f4ng ch\u1ee9a t\u1ea1p ch\u1ea5t, kim lo\u1ea1i n\u0103ng v\u00e0 vi khu\u1ea9n. Clo \u0111\u01b0\u1ee3c gi\u1eef l\u1ea1i \u0111\u1ec3 kh\u1eed khu\u1ea9n trong h\u1ec7 th\u1ed1ng \u0111\u01b0\u1eddng \u1ed1ng n\u01b0\u1edbc trong nh\u00e0. Gi\u00fap h\u1ea1n ch\u1ebf sinh s\u00f4i vi khu\u1ea9n trong n\u01b0\u1edbc sau l\u1ecdc \u0111\u1ea3m b\u1ea3o an to\u00e0n cho s\u1ee9c kh\u1ecfe.<\/li>\n<li><strong>Kh\u00f4ng gi\u1edbi h\u1ea1n c\u00f4ng su\u1ea5t l\u1ecdc<\/strong>: H\u1ec7 th\u1ed1ng l\u1ecdc t\u1ed5ng MPOE kh\u00f4ng gi\u1edbi h\u1ea1n c\u00f4ng su\u1ea5t l\u1ecdc. tuy nhi\u00ean, c\u1ea7n thay th\u1ebf b\u1ed9 l\u1ecdc khi h\u1ec7 th\u1ed1ng th\u00f4ng b\u00e1o khi h\u1ec7 th\u1ed1ng th\u00f4ng b\u00e1o l\u01b0u l\u01b0\u1ee3ng n\u01b0\u1edbc y\u1ebfu hay b\u1ed9 l\u1ecdc s\u1eafp b\u1ecb ngh\u1eb9t (l\u01b0u l\u01b0\u1ee3ng l\u1ecdc &lt;120 l\u00edt \/ ph\u00fat).<\/li>\n<li><strong>N\u01b0\u1edbc l\u1ecdc s\u1ea1ch gi\u1eef kho\u00e1ng ch\u1ea5t<\/strong>: H\u1ec7 th\u1ed1ng l\u1ecdc MPOE s\u1eed d\u1ee5ng b\u1ed9 l\u1ecdc Cleansui MPOE050, \u1ee9ng d\u1ee5ng c\u00f4ng ngh\u1ec7 m\u00e0ng l\u1ecdc s\u1ee3i r\u1ed7ng ti\u00ean ti\u1ebfn gi\u00fap l\u1ecdc s\u1ea1ch n\u01b0\u1edbc m\u00e0 v\u1eabn gi\u1eef l\u1ea1i kho\u00e1ng ch\u1ea5t t\u1ef1 nhi\u00ean c\u00f3 trong n\u01b0\u1edbc.<\/li>\n<\/ol>\n<div class=\"container section-title-container\" ><h3 class=\"section-title section-title-bold\"><b aria-hidden=\"true\"><\/b><span class=\"section-title-main\" ><i class=\"icon-play\" aria-hidden=\"true\"><\/i>\u0110\u1eb7c \u0111i\u1ec3m n\u1ed5i b\u1eadt<\/span><b aria-hidden=\"true\"><\/b><\/h3><\/div>\n\t<div class=\"img has-hover x md-x lg-x y md-y lg-y\" id=\"image_1682086297\">\n\t\t\t\t\t\t\t\t<div class=\"img-inner dark\" >\n\t\t\t<img loading=\"lazy\" decoding=\"async\" width=\"1020\" height=\"846\" src=\"https:\/\/cleansuivn.com\/wp-content\/uploads\/2021\/03\/Loc-nuoc-dau-nguon-cleansui-dac-diem-noi-bat-1024x849.jpg\" class=\"attachment-large size-large\" alt=\"L\u1ecdc n\u01b0\u1edbc \u0111\u1ea7u ngu\u1ed3n Cleansui\" srcset=\"https:\/\/cleansuivn.com\/wp-content\/uploads\/2021\/03\/Loc-nuoc-dau-nguon-cleansui-dac-diem-noi-bat-1024x849.jpg 1024w, https:\/\/cleansuivn.com\/wp-content\/uploads\/2021\/03\/Loc-nuoc-dau-nguon-cleansui-dac-diem-noi-bat-300x249.jpg 300w, https:\/\/cleansuivn.com\/wp-content\/uploads\/2021\/03\/Loc-nuoc-dau-nguon-cleansui-dac-diem-noi-bat-768x637.jpg 768w, https:\/\/cleansuivn.com\/wp-content\/uploads\/2021\/03\/Loc-nuoc-dau-nguon-cleansui-dac-diem-noi-bat-510x423.jpg 510w, https:\/\/cleansuivn.com\/wp-content\/uploads\/2021\/03\/Loc-nuoc-dau-nguon-cleansui-dac-diem-noi-bat.jpg 1410w\" sizes=\"auto, (max-width: 1020px) 100vw, 1020px\" \/>\t\t\t\t\t\t\n\t\t\t\t\t<\/div>\n\t\t\t\t\t\t\t\t\n<style>\n#image_1682086297 {\n  width: 80%;\n}\n<\/style>\n\t<\/div>\n\t\n\t<div id=\"gap-368692910\" class=\"gap-element clearfix\" style=\"display:block; height:auto;\">\n\t\t\n<style>\n#gap-368692910 {\n  padding-top: 30px;\n}\n<\/style>\n\t<\/div>\n\t\n<div class=\"container section-title-container\" ><h3 class=\"section-title section-title-bold\"><b aria-hidden=\"true\"><\/b><span class=\"section-title-main\" ><i class=\"icon-play\" aria-hidden=\"true\"><\/i>C\u00f4ng ngh\u1ec7 l\u1ecdc n\u01b0\u1edbc<\/span><b aria-hidden=\"true\"><\/b><\/h3><\/div>\n\t<div class=\"img has-hover x md-x lg-x y md-y lg-y\" id=\"image_14919234\">\n\t\t\t\t\t\t\t\t<div class=\"img-inner dark\" >\n\t\t\t<img loading=\"lazy\" decoding=\"async\" width=\"821\" height=\"1024\" src=\"https:\/\/cleansuivn.com\/wp-content\/uploads\/2021\/03\/Loc-nuoc-dau-nguon-cleansui-cong-nghe-loc-821x1024.jpg\" class=\"attachment-large size-large\" alt=\"l\u1ecdc n\u01b0\u1edbc \u0111\u1ea7u ngu\u1ed3n cleansui MPOE050\" srcset=\"https:\/\/cleansuivn.com\/wp-content\/uploads\/2021\/03\/Loc-nuoc-dau-nguon-cleansui-cong-nghe-loc-821x1024.jpg 821w, https:\/\/cleansuivn.com\/wp-content\/uploads\/2021\/03\/Loc-nuoc-dau-nguon-cleansui-cong-nghe-loc-241x300.jpg 241w, https:\/\/cleansuivn.com\/wp-content\/uploads\/2021\/03\/Loc-nuoc-dau-nguon-cleansui-cong-nghe-loc-768x958.jpg 768w, https:\/\/cleansuivn.com\/wp-content\/uploads\/2021\/03\/Loc-nuoc-dau-nguon-cleansui-cong-nghe-loc-1232x1536.jpg 1232w, https:\/\/cleansuivn.com\/wp-content\/uploads\/2021\/03\/Loc-nuoc-dau-nguon-cleansui-cong-nghe-loc-510x636.jpg 510w, https:\/\/cleansuivn.com\/wp-content\/uploads\/2021\/03\/Loc-nuoc-dau-nguon-cleansui-cong-nghe-loc.jpg 1408w\" sizes=\"auto, (max-width: 821px) 100vw, 821px\" \/>\t\t\t\t\t\t\n\t\t\t\t\t<\/div>\n\t\t\t\t\t\t\t\t\n<style>\n#image_14919234 {\n  width: 80%;\n}\n<\/style>\n\t<\/div>\n\t\n\t<div class=\"img has-hover x md-x lg-x y md-y lg-y\" id=\"image_180200179\">\n\t\t\t\t\t\t\t\t<div class=\"img-inner dark\" >\n\t\t\t<img loading=\"lazy\" decoding=\"async\" width=\"814\" height=\"1024\" src=\"https:\/\/cleansuivn.com\/wp-content\/uploads\/2021\/03\/Loc-nuoc-dau-nguon-cleansui-cong-nghe-lam-sach-tu-dong-814x1024.jpg\" class=\"attachment-large size-large\" alt=\"L\u1ecdc n\u01b0\u1edbc \u0111\u1ea7u ngu\u1ed3n Cleansui c\u00f4ng ngh\u1ec7 l\u00e0m s\u1ea1ch t\u1ef1 \u0111\u1ed9ng\" srcset=\"https:\/\/cleansuivn.com\/wp-content\/uploads\/2021\/03\/Loc-nuoc-dau-nguon-cleansui-cong-nghe-lam-sach-tu-dong-814x1024.jpg 814w, https:\/\/cleansuivn.com\/wp-content\/uploads\/2021\/03\/Loc-nuoc-dau-nguon-cleansui-cong-nghe-lam-sach-tu-dong-239x300.jpg 239w, https:\/\/cleansuivn.com\/wp-content\/uploads\/2021\/03\/Loc-nuoc-dau-nguon-cleansui-cong-nghe-lam-sach-tu-dong-768x966.jpg 768w, https:\/\/cleansuivn.com\/wp-content\/uploads\/2021\/03\/Loc-nuoc-dau-nguon-cleansui-cong-nghe-lam-sach-tu-dong-1222x1536.jpg 1222w, https:\/\/cleansuivn.com\/wp-content\/uploads\/2021\/03\/Loc-nuoc-dau-nguon-cleansui-cong-nghe-lam-sach-tu-dong-510x641.jpg 510w, https:\/\/cleansuivn.com\/wp-content\/uploads\/2021\/03\/Loc-nuoc-dau-nguon-cleansui-cong-nghe-lam-sach-tu-dong.jpg 1410w\" sizes=\"auto, (max-width: 814px) 100vw, 814px\" \/>\t\t\t\t\t\t\n\t\t\t\t\t<\/div>\n\t\t\t\t\t\t\t\t\n<style>\n#image_180200179 {\n  width: 80%;\n}\n<\/style>\n\t<\/div>\n\t\n\t<div id=\"gap-699729820\" class=\"gap-element clearfix\" style=\"display:block; height:auto;\">\n\t\t\n<style>\n#gap-699729820 {\n  padding-top: 30px;\n}\n<\/style>\n\t<\/div>\n\t\n<div class=\"container section-title-container\" ><h3 class=\"section-title section-title-bold\"><b aria-hidden=\"true\"><\/b><span class=\"section-title-main\" ><i class=\"icon-play\" aria-hidden=\"true\"><\/i>L\u1ecdc n\u01b0\u1edbc \u0111\u1ea7u ngu\u1ed3n Cleansui MPOE-S<\/span><b aria-hidden=\"true\"><\/b><\/h3><\/div>\n\t<div class=\"img has-hover x md-x lg-x y md-y lg-y\" id=\"image_1252856179\">\n\t\t\t\t\t\t\t\t<div class=\"img-inner dark\" >\n\t\t\t<img loading=\"lazy\" decoding=\"async\" width=\"1001\" height=\"800\" src=\"https:\/\/cleansuivn.com\/wp-content\/uploads\/2021\/03\/MPOE-S-2021v2.jpg\" class=\"attachment-large size-large\" alt=\"L\u1ecdc t\u1ed5ng Cleansui MPOE-S\" srcset=\"https:\/\/cleansuivn.com\/wp-content\/uploads\/2021\/03\/MPOE-S-2021v2.jpg 1001w, https:\/\/cleansuivn.com\/wp-content\/uploads\/2021\/03\/MPOE-S-2021v2-300x240.jpg 300w, https:\/\/cleansuivn.com\/wp-content\/uploads\/2021\/03\/MPOE-S-2021v2-768x614.jpg 768w, https:\/\/cleansuivn.com\/wp-content\/uploads\/2021\/03\/MPOE-S-2021v2-510x408.jpg 510w\" sizes=\"auto, (max-width: 1001px) 100vw, 1001px\" \/>\t\t\t\t\t\t\n\t\t\t\t\t<\/div>\n\t\t\t\t\t\t\t\t\n<style>\n#image_1252856179 {\n  width: 80%;\n}\n<\/style>\n\t<\/div>\n\t\n","protected":false},"excerpt":{"rendered":"<p><strong>H\u1ec7 th\u1ed1ng l\u1ecdc n\u01b0\u1edbc \u0111\u1ea7u ngu\u1ed3n Cleansui MPOE:<\/strong><\/p>\n<p>H\u1ec7 th\u1ed1ng l\u1ecdc n\u01b0\u1edbc \u0111\u1ea7u ngu\u1ed3n Cleansui MPOE l\u00e0 h\u1ec7 th\u1ed1ng l\u1ecdc n\u01b0\u1edbc t\u1ea1i \u0111\u1ea7u ngu\u1ed3n n\u01b0\u1edbc c\u1ea5p \u0111\u1ec3 l\u00e0m s\u1ea1ch ngu\u1ed3n n\u01b0\u1edbc d\u00f9ng cho sinh ho\u1ea1t v\u00e0 s\u1ea3n xu\u1ea5t h\u00e0ng ng\u00e0y.<\/p>\n<p><strong>\u01afu \u0111i\u1ec3m: <\/strong><\/p>\n<ol>\n<li>H\u1ec7 th\u1ed1ng c\u00f3 ch\u1ee9c n\u0103ng t\u1ef1 l\u00e0m s\u1ea1ch l\u00f5i l\u1ecdc gi\u00fap k\u00e9o d\u00e0i th\u1eddi gian s\u1eed d\u1ee5ng l\u00f5i l\u1ecdc.<\/li>\n<li>N\u01b0\u1edbc s\u1ea1ch: gi\u00fap b\u1ea3o v\u1ec7 \u0111\u01b0\u1eddng \u1ed1ng, thi\u1ebft b\u1ecb v\u00e0 qu\u1ea7n \u00e1o.<\/li>\n<li>N\u01b0\u1edbc an to\u00e0n: gi\u1eef l\u1ea1i Clo d\u01b0 trong n\u01b0\u1edbc \u0111\u1ec3 kh\u1eed khu\u1ea9n tr\u01b0\u1edbc khi s\u1eed d\u1ee5ng cho c\u00e1c ho\u1ea1t \u0111\u1ed9ng sinh ho\u1ea1t h\u1eb1ng ng\u00e0y.<\/li>\n<\/ol>\n","protected":false},"featured_media":12061,"comment_status":"open","ping_status":"closed","template":"","meta":{"content-type":""},"product_brand":[307],"product_cat":[282],"product_tag":[285,286,101,308,309,312,43,283,310,311,284],"class_list":{"0":"post-12055","1":"product","2":"type-product","3":"status-publish","4":"has-post-thumbnail","6":"product_brand-cleansui","7":"product_cat-loc-nuoc-dau-nguon-cleansui","8":"product_tag-cleansui-mpoe","9":"product_tag-cleansui-mpoe-s","10":"product_tag-cleansui-vietnam","11":"product_tag-gia-loc-nuoc-dau-nguon-cleansui","12":"product_tag-gia-loc-nuoc-tong-cleansui","13":"product_tag-gia-loc-nuoc-tong-nhat-ban","14":"product_tag-loc-nuoc-cleansui","15":"product_tag-loc-nuoc-dau-nguon-cleansui","16":"product_tag-loc-nuoc-tong","17":"product_tag-loc-nuoc-tong-nhat-ban","18":"product_tag-loc-tong-dau-nguon-cleansui","20":"first","21":"instock","22":"shipping-taxable","23":"purchasable","24":"product-type-simple"},"_links":{"self":[{"href":"https:\/\/cleansuivn.com\/index.php\/wp-json\/wp\/v2\/product\/12055","targetHints":{"allow":["GET"]}}],"collection":[{"href":"https:\/\/cleansuivn.com\/index.php\/wp-json\/wp\/v2\/product"}],"about":[{"href":"https:\/\/cleansuivn.com\/index.php\/wp-json\/wp\/v2\/types\/product"}],"replies":[{"embeddable":true,"href":"https:\/\/cleansuivn.com\/index.php\/wp-json\/wp\/v2\/comments?post=12055"}],"wp:featuredmedia":[{"embeddable":true,"href":"https:\/\/cleansuivn.com\/index.php\/wp-json\/wp\/v2\/media\/12061"}],"wp:attachment":[{"href":"https:\/\/cleansuivn.com\/index.php\/wp-json\/wp\/v2\/media?parent=12055"}],"wp:term":[{"taxonomy":"product_brand","embeddable":true,"href":"https:\/\/cleansuivn.com\/index.php\/wp-json\/wp\/v2\/product_brand?post=12055"},{"taxonomy":"product_cat","embeddable":true,"href":"https:\/\/cleansuivn.com\/index.php\/wp-json\/wp\/v2\/product_cat?post=12055"},{"taxonomy":"product_tag","embeddable":true,"href":"https:\/\/cleansuivn.com\/index.php\/wp-json\/wp\/v2\/product_tag?post=12055"}],"curies":[{"name":"wp","href":"https:\/\/api.w.org\/{rel}","templated":true}]}}