{"id":12346,"date":"2021-11-11T16:43:31","date_gmt":"2021-11-11T09:43:31","guid":{"rendered":"https:\/\/cleansuivn.com\/?post_type=product&#038;p=12346"},"modified":"2025-04-27T14:04:40","modified_gmt":"2025-04-27T07:04:40","slug":"may-loc-nuoc-cleansui-et201","status":"publish","type":"product","link":"https:\/\/cleansuivn.com\/index.php\/san-pham\/may-loc-nuoc-cleansui-et201\/","title":{"rendered":"M\u00e1y l\u1ecdc n\u01b0\u1edbc Cleansui ET201"},"content":{"rendered":"<h3><strong>M\u00c1Y L\u1eccC N\u01af\u1edaC CLEANSUI<\/strong><strong> ET201<\/strong><\/h3>\n<p><span style=\"text-decoration: underline;\"><strong>\u01afu \u0111i\u1ec3m:<\/strong><\/span><\/p>\n<ul>\n<li>N\u01b0\u1edbc u\u1ed1ng c\u00f3 kho\u00e1ng ch\u1ea5t t\u1ef1 nhi\u00ean.<\/li>\n<li>C\u01a1 ch\u1ebf tho\u00e1t n\u01b0\u1edbc d\u01b0, \u0111\u1ea3m b\u1ea3o n\u01b0\u1edbc u\u1ed1ng lu\u00f4n t\u01b0\u01a1i m\u1edbi.<\/li>\n<li>C\u01a1 ch\u1ebf ch\u1ed1ng r\u00f2 r\u1ec9 n\u01b0\u1edbc th\u00f4ng minh.<\/li>\n<li>Kh\u00f4ng d\u00f9ng \u0111i\u1ec7n.<\/li>\n<li>Kh\u00f4ng n\u01b0\u1edbc th\u1ea3i.<\/li>\n<li>D\u1ec5 l\u1eafp \u0111\u1eb7t, t\u00ednh di \u0111\u1ed9ng cao.<\/li>\n<li>L\u01b0u l\u01b0\u1ee3ng l\u1ecdc: 3l\u00edt \/ ph\u00fat<\/li>\n<li>C\u00f4ng su\u1ea5t l\u1ecdc l\u1edbn: 8.000 l\u00edt<\/li>\n<\/ul>\n<p><img loading=\"lazy\" decoding=\"async\" class=\"size-large wp-image-12349\" src=\"https:\/\/cleansuivn.com\/wp-content\/uploads\/2021\/11\/May-loc-nuoc-Cleansui-ET201-dac-diem-cau-tao-1024x594.jpg\" alt=\"M\u00e1y l\u1ecdc n\u01b0\u1edbc Cleansui ET201\" width=\"1020\" height=\"592\" srcset=\"https:\/\/cleansuivn.com\/wp-content\/uploads\/2021\/11\/May-loc-nuoc-Cleansui-ET201-dac-diem-cau-tao-1024x594.jpg 1024w, https:\/\/cleansuivn.com\/wp-content\/uploads\/2021\/11\/May-loc-nuoc-Cleansui-ET201-dac-diem-cau-tao-300x174.jpg 300w, https:\/\/cleansuivn.com\/wp-content\/uploads\/2021\/11\/May-loc-nuoc-Cleansui-ET201-dac-diem-cau-tao-768x445.jpg 768w, https:\/\/cleansuivn.com\/wp-content\/uploads\/2021\/11\/May-loc-nuoc-Cleansui-ET201-dac-diem-cau-tao-1536x891.jpg 1536w, https:\/\/cleansuivn.com\/wp-content\/uploads\/2021\/11\/May-loc-nuoc-Cleansui-ET201-dac-diem-cau-tao-510x296.jpg 510w, https:\/\/cleansuivn.com\/wp-content\/uploads\/2021\/11\/May-loc-nuoc-Cleansui-ET201-dac-diem-cau-tao.jpg 1754w\" sizes=\"auto, (max-width: 1020px) 100vw, 1020px\" \/><\/p>\n<p><strong>V\u00d2I N\u01af\u1edaC SAU L\u1eccC V\u00c0 N\u1eaeP CHE B\u1ed8 L\u1eccC<\/strong><\/p>\n<p>&#8211; Linh ho\u1ea1t xoay 360 \u0111\u1ed9, v\u00f9ng s\u1eed d\u1ee5ng l\u1edbn h\u01a1n<\/p>\n<p>&#8211; \u0110\u1ed3ng m\u1ea1 crom cao c\u1ea5p<\/p>\n<p>&#8211; D\u1ec5 d\u00e0ng lau ch\u00f9i v\u00e0 v\u1ec7 sinh<\/p>\n<p><strong>TH\u00c2N M\u00c1Y<\/strong><\/p>\n<p>&#8211; Ch\u1ea5t li\u1ec7u th\u00e9p kh\u00f4ng g\u1ec9 cao c\u1ea5p<\/p>\n<p>&#8211; D\u1ec5 d\u00e0ng k\u1ebft n\u1ed1i v\u00e0 thay th\u1ebf<\/p>\n<p>&#8211; Kh\u00f4ng b\u1ecb oxy h\u00f3a<\/p>\n<p><strong>B\u1ed8 PH\u1ee4 KI\u1ec6N K\u1ebeT N\u1ed0I<\/strong><\/p>\n<p>&#8211; T\u01b0\u01a1ng th\u00edch h\u1ea7u h\u1ebft v\u1edbi c\u00e1c lo\u1ea1i v\u00f2i th\u00f4ng d\u1ee5ng<\/p>\n<p>&#8211; D\u1ec5 d\u00e0ng l\u1eafp \u0111\u1eb7t v\u00e0 thay th\u1ebf<\/p>\n<figure id=\"attachment_12350\" aria-describedby=\"caption-attachment-12350\" style=\"width: 1020px\" class=\"wp-caption aligncenter\"><img loading=\"lazy\" decoding=\"async\" class=\"size-large wp-image-12350\" src=\"https:\/\/cleansuivn.com\/wp-content\/uploads\/2021\/11\/May-loc-nuoc-Cleansui-ET201-Cong-nghe-loc-nuoc-1024x624.jpg\" alt=\"M\u00e1y l\u1ecdc n\u01b0\u1edbc Cleansui ET201 - C\u00f4ng ngh\u1ec7 l\u00f5i l\u1ecdc\" width=\"1020\" height=\"622\" srcset=\"https:\/\/cleansuivn.com\/wp-content\/uploads\/2021\/11\/May-loc-nuoc-Cleansui-ET201-Cong-nghe-loc-nuoc-1024x624.jpg 1024w, https:\/\/cleansuivn.com\/wp-content\/uploads\/2021\/11\/May-loc-nuoc-Cleansui-ET201-Cong-nghe-loc-nuoc-300x183.jpg 300w, https:\/\/cleansuivn.com\/wp-content\/uploads\/2021\/11\/May-loc-nuoc-Cleansui-ET201-Cong-nghe-loc-nuoc-768x468.jpg 768w, https:\/\/cleansuivn.com\/wp-content\/uploads\/2021\/11\/May-loc-nuoc-Cleansui-ET201-Cong-nghe-loc-nuoc-1536x936.jpg 1536w, https:\/\/cleansuivn.com\/wp-content\/uploads\/2021\/11\/May-loc-nuoc-Cleansui-ET201-Cong-nghe-loc-nuoc-510x311.jpg 510w, https:\/\/cleansuivn.com\/wp-content\/uploads\/2021\/11\/May-loc-nuoc-Cleansui-ET201-Cong-nghe-loc-nuoc.jpg 1754w\" sizes=\"auto, (max-width: 1020px) 100vw, 1020px\" \/><figcaption id=\"caption-attachment-12350\" class=\"wp-caption-text\">M\u00e1y l\u1ecdc n\u01b0\u1edbc Cleansui ET201<\/figcaption><\/figure>\n<ol>\n<li><strong>L\u1edbp v\u1ea3i l\u01b0\u1edbi kh\u00f4ng d\u1ec7t<\/strong><\/li>\n<\/ol>\n<p>Lo\u1ea1i b\u1ecf c\u00e1c c\u1eb7n b\u1ea9n v\u00e0 t\u1ea1p ch\u1ea5t trong n\u01b0\u1edbc<\/p>\n<ol start=\"2\">\n<li><strong>L\u1edbp than ho\u1ea1t t\u00ednh<\/strong><\/li>\n<\/ol>\n<p>Lo\u1ea1i b\u1ecf c\u00e1c t\u1ea1p ch\u1ea5t \u0111\u1ed9c h\u1ea1i, thu\u1ed1c th\u1ef1c v\u1eadt, kh\u1eed m\u00f9i n\u1ea5m m\u1ed1c, kh\u1eed clo trong n\u01b0\u1edbc&#8230; (Bromoform\/ Trihalomethanes Bromodichloromethane\/ 2-MIB\/ Dibromochloromethane\/<\/p>\n<p>CAT\/ Chlorine\/ Tetrachloroethylene\/ Trichloroethylene\/ Chloroform 1,1,1-trichloroethanne&#8230;)<\/p>\n<ol start=\"3\">\n<li><strong>L\u1edbp s\u1ee3i trao \u0111\u1ed5i ion<\/strong><\/li>\n<\/ol>\n<p>Lo\u1ea1i b\u1ecf ch\u00ec h\u00f2a tan trong n\u01b0\u1edbc<\/p>\n<ol start=\"4\">\n<li><strong>L\u1edbp m\u00e0ng l\u1ecdc s\u1ee3i r\u1ed7ng<\/strong><\/li>\n<\/ol>\n<p>N\u01b0\u1edbc \u0111\u01b0\u1ee3c th\u1ea9m th\u1ea5u t\u1eeb ngo\u00e0i th\u00e0nh \u1ed1ng c\u1ee7a c\u00e1c s\u1ee3i r\u1ed7ng bao g\u1ed3m h\u00e0ng tri\u1ec7u l\u1ed7 l\u1ecdc v\u1edbi k\u00edch th\u01b0\u1edbc si\u00eau nh\u1ecf t\u1eeb 0.01 \u0111\u1ebfn 0.1\u03bcm v\u00e0o b\u00ean trong s\u1ee3i r\u1ed7ng. C\u00e1c t\u1ea1p ch\u1ea5t c\u00f3 k\u00edch th\u01b0\u1edbc l\u1edbn h\u01a1n 0.1 \u03bcm nh\u01b0 t\u1ea3o, vi sinh v\u1eadt, \u0111\u1ed9 \u0111\u1ee5c, vi khu\u1ea9n, r\u1ec9 s \u00e9t, n\u1ea5m m\u1ed1c, c\u00e1c th\u00e0nh ph\u1ea7n kim lo\u1ea1i trong n\u01b0\u1edbc \u0111\u01b0\u1ee3c gi\u1eef l\u1ea1i b\u00ean ngo\u00e0i m\u00e0ng l\u1ecdc. Ch\u1ec9 c\u00f2n n\u01b0\u1edbc s\u1ea1ch v\u00e0 kho\u00e1ng ch\u1ea5t sau khi l\u1ecdc<\/p>\n<p>\u00a0<\/p>\n<p><img loading=\"lazy\" decoding=\"async\" class=\"size-large wp-image-12351\" src=\"https:\/\/cleansuivn.com\/wp-content\/uploads\/2021\/11\/May-loc-nuoc-Cleansui-ET201-Thong-so-ky-thuat-v1-1024x725.jpg\" alt=\"M\u00e1y l\u1ecdc n\u01b0\u1edbc Cleansui ET201 - Th\u00f4ng s\u1ed1 k\u1ef9 thu\u1eadt\" width=\"1020\" height=\"722\" srcset=\"https:\/\/cleansuivn.com\/wp-content\/uploads\/2021\/11\/May-loc-nuoc-Cleansui-ET201-Thong-so-ky-thuat-v1-1024x725.jpg 1024w, https:\/\/cleansuivn.com\/wp-content\/uploads\/2021\/11\/May-loc-nuoc-Cleansui-ET201-Thong-so-ky-thuat-v1-300x212.jpg 300w, https:\/\/cleansuivn.com\/wp-content\/uploads\/2021\/11\/May-loc-nuoc-Cleansui-ET201-Thong-so-ky-thuat-v1-768x543.jpg 768w, https:\/\/cleansuivn.com\/wp-content\/uploads\/2021\/11\/May-loc-nuoc-Cleansui-ET201-Thong-so-ky-thuat-v1-1536x1087.jpg 1536w, https:\/\/cleansuivn.com\/wp-content\/uploads\/2021\/11\/May-loc-nuoc-Cleansui-ET201-Thong-so-ky-thuat-v1-510x361.jpg 510w, https:\/\/cleansuivn.com\/wp-content\/uploads\/2021\/11\/May-loc-nuoc-Cleansui-ET201-Thong-so-ky-thuat-v1.jpg 1754w\" sizes=\"auto, (max-width: 1020px) 100vw, 1020px\" \/><\/p>\n<p><img loading=\"lazy\" decoding=\"async\" class=\"size-large wp-image-12352\" src=\"https:\/\/cleansuivn.com\/wp-content\/uploads\/2021\/11\/May-loc-nuoc-Cleansui-ET201-Thong-so-ky-thuat-v2-1024x725.jpg\" alt=\"M\u00e1y l\u1ecdc n\u01b0\u1edbc Cleansui ET201 - Th\u00f4ng s\u1ed1 k\u1ef9 thu\u1eadt\" width=\"1020\" height=\"722\" srcset=\"https:\/\/cleansuivn.com\/wp-content\/uploads\/2021\/11\/May-loc-nuoc-Cleansui-ET201-Thong-so-ky-thuat-v2-1024x725.jpg 1024w, https:\/\/cleansuivn.com\/wp-content\/uploads\/2021\/11\/May-loc-nuoc-Cleansui-ET201-Thong-so-ky-thuat-v2-300x212.jpg 300w, https:\/\/cleansuivn.com\/wp-content\/uploads\/2021\/11\/May-loc-nuoc-Cleansui-ET201-Thong-so-ky-thuat-v2-768x543.jpg 768w, https:\/\/cleansuivn.com\/wp-content\/uploads\/2021\/11\/May-loc-nuoc-Cleansui-ET201-Thong-so-ky-thuat-v2-1536x1087.jpg 1536w, https:\/\/cleansuivn.com\/wp-content\/uploads\/2021\/11\/May-loc-nuoc-Cleansui-ET201-Thong-so-ky-thuat-v2-510x361.jpg 510w, https:\/\/cleansuivn.com\/wp-content\/uploads\/2021\/11\/May-loc-nuoc-Cleansui-ET201-Thong-so-ky-thuat-v2.jpg 1754w\" sizes=\"auto, (max-width: 1020px) 100vw, 1020px\" \/><\/p>\n<p>\u00a0<\/p>\n","protected":false},"excerpt":{"rendered":"<h3><strong>M\u00c1Y L\u1eccC N\u01af\u1edaC CLEANSUI<\/strong><strong> ET201<\/strong><\/h3>\n<p><span style=\"text-decoration: underline;\"><strong>\u01afu \u0111i\u1ec3m:<\/strong><\/span><\/p>\n<ul>\n<li>N\u01b0\u1edbc u\u1ed1ng c\u00f3 kho\u00e1ng ch\u1ea5t t\u1ef1 nhi\u00ean.<\/li>\n<li>C\u01a1 ch\u1ebf tho\u00e1t n\u01b0\u1edbc d\u01b0, \u0111\u1ea3m b\u1ea3o n\u01b0\u1edbc u\u1ed1ng lu\u00f4n t\u01b0\u01a1i m\u1edbi.<\/li>\n<li>C\u01a1 ch\u1ebf ch\u1ed1ng r\u00f2 r\u1ec9 n\u01b0\u1edbc th\u00f4ng minh.<\/li>\n<li>Kh\u00f4ng d\u00f9ng \u0111i\u1ec7n.<\/li>\n<li>Kh\u00f4ng n\u01b0\u1edbc th\u1ea3i.<\/li>\n<li>D\u1ec5 l\u1eafp \u0111\u1eb7t, t\u00ednh di \u0111\u1ed9ng cao.<\/li>\n<li>L\u01b0u l\u01b0\u1ee3ng l\u1ecdc: 3l\u00edt \/ ph\u00fat<\/li>\n<li>C\u00f4ng su\u1ea5t l\u1ecdc l\u1edbn: 8.000 l\u00edt<\/li>\n<\/ul>\n<p><strong>V\u00d2I N\u01af\u1edaC SAU L\u1eccC V\u00c0 N\u1eaeP CHE B\u1ed8 L\u1eccC<\/strong><\/p>\n<p>&#8211; Linh ho\u1ea1t xoay 360 \u0111\u1ed9, v\u00f9ng s\u1eed d\u1ee5ng l\u1edbn h\u01a1n<\/p>\n<p>&#8211; \u0110\u1ed3ng m\u1ea1 crom cao c\u1ea5p<\/p>\n<p>&#8211; D\u1ec5 d\u00e0ng lau ch\u00f9i v\u00e0 v\u1ec7 sinh<\/p>\n<p><strong>TH\u00c2N M\u00c1Y<\/strong><\/p>\n<p>&#8211; Ch\u1ea5t li\u1ec7u th\u00e9p kh\u00f4ng g\u1ec9 cao c\u1ea5p<\/p>\n<p>&#8211; D\u1ec5 d\u00e0ng k\u1ebft n\u1ed1i v\u00e0 thay th\u1ebf<\/p>\n<p>&#8211; Kh\u00f4ng b\u1ecb oxy h\u00f3a<\/p>\n<p><strong>B\u1ed8 PH\u1ee4 KI\u1ec6N K\u1ebeT N\u1ed0I<\/strong><\/p>\n<p>&#8211; T\u01b0\u01a1ng th\u00edch h\u1ea7u h\u1ebft v\u1edbi c\u00e1c lo\u1ea1i v\u00f2i th\u00f4ng d\u1ee5ng<\/p>\n<p>&#8211; D\u1ec5 d\u00e0ng l\u1eafp \u0111\u1eb7t v\u00e0 thay th\u1ebf<\/p>\n","protected":false},"featured_media":12347,"comment_status":"open","ping_status":"closed","template":"","meta":{"content-type":""},"product_brand":[],"product_cat":[251,18],"product_tag":[295,101,103,181,154,296],"class_list":{"0":"post-12346","1":"product","2":"type-product","3":"status-publish","4":"has-post-thumbnail","6":"product_cat-may-loc-nuoc-cleansui-gan-tai-voi","7":"product_cat-thiet-bi-loc-nuoc","8":"product_tag-cleansui-et201","9":"product_tag-cleansui-vietnam","10":"product_tag-loc-nuoc-nhat-ban","11":"product_tag-loc-nuoc-tai-voi","12":"product_tag-may-loc-nuoc-cleansui","13":"product_tag-may-loc-nuoc-cleansui-et201","15":"first","16":"instock","17":"shipping-taxable","18":"purchasable","19":"product-type-simple"},"_links":{"self":[{"href":"https:\/\/cleansuivn.com\/index.php\/wp-json\/wp\/v2\/product\/12346","targetHints":{"allow":["GET"]}}],"collection":[{"href":"https:\/\/cleansuivn.com\/index.php\/wp-json\/wp\/v2\/product"}],"about":[{"href":"https:\/\/cleansuivn.com\/index.php\/wp-json\/wp\/v2\/types\/product"}],"replies":[{"embeddable":true,"href":"https:\/\/cleansuivn.com\/index.php\/wp-json\/wp\/v2\/comments?post=12346"}],"wp:featuredmedia":[{"embeddable":true,"href":"https:\/\/cleansuivn.com\/index.php\/wp-json\/wp\/v2\/media\/12347"}],"wp:attachment":[{"href":"https:\/\/cleansuivn.com\/index.php\/wp-json\/wp\/v2\/media?parent=12346"}],"wp:term":[{"taxonomy":"product_brand","embeddable":true,"href":"https:\/\/cleansuivn.com\/index.php\/wp-json\/wp\/v2\/product_brand?post=12346"},{"taxonomy":"product_cat","embeddable":true,"href":"https:\/\/cleansuivn.com\/index.php\/wp-json\/wp\/v2\/product_cat?post=12346"},{"taxonomy":"product_tag","embeddable":true,"href":"https:\/\/cleansuivn.com\/index.php\/wp-json\/wp\/v2\/product_tag?post=12346"}],"curies":[{"name":"wp","href":"https:\/\/api.w.org\/{rel}","templated":true}]}}