{"id":575,"date":"2018-05-04T17:25:45","date_gmt":"2018-05-04T10:25:45","guid":{"rendered":"http:\/\/cleansuivn.com\/?post_type=product&#038;p=575"},"modified":"2025-04-27T13:44:30","modified_gmt":"2025-04-27T06:44:30","slug":"cleansui-z9e","status":"publish","type":"product","link":"https:\/\/cleansuivn.com\/index.php\/san-pham\/cleansui-z9e\/","title":{"rendered":"M\u00e1y l\u1ecdc n\u01b0\u1edbc Cleansui ET101"},"content":{"rendered":"<p><img loading=\"lazy\" decoding=\"async\" class=\"size-large wp-image-12125\" src=\"https:\/\/cleansuivn.com\/wp-content\/uploads\/2018\/05\/May-loc-nuoc-Cleansui-ET101-2021-1024x253.jpg\" alt=\"M\u00e1y l\u1ecdc n\u01b0\u1edbc cleansui ET101\" width=\"1020\" height=\"252\" srcset=\"https:\/\/cleansuivn.com\/wp-content\/uploads\/2018\/05\/May-loc-nuoc-Cleansui-ET101-2021-1024x253.jpg 1024w, https:\/\/cleansuivn.com\/wp-content\/uploads\/2018\/05\/May-loc-nuoc-Cleansui-ET101-2021-300x74.jpg 300w, https:\/\/cleansuivn.com\/wp-content\/uploads\/2018\/05\/May-loc-nuoc-Cleansui-ET101-2021-768x190.jpg 768w, https:\/\/cleansuivn.com\/wp-content\/uploads\/2018\/05\/May-loc-nuoc-Cleansui-ET101-2021-1536x379.jpg 1536w, https:\/\/cleansuivn.com\/wp-content\/uploads\/2018\/05\/May-loc-nuoc-Cleansui-ET101-2021-510x126.jpg 510w, https:\/\/cleansuivn.com\/wp-content\/uploads\/2018\/05\/May-loc-nuoc-Cleansui-ET101-2021.jpg 1920w\" sizes=\"auto, (max-width: 1020px) 100vw, 1020px\" \/><\/p>\n<h2><strong>Thi\u1ebft b\u1ecb m\u00e1y l\u1ecdc n\u01b0\u1edbc CleanSui ET101 h\u00e3ng Mitsubishi<br \/>\n<\/strong><\/h2>\n<p>Thi\u1ebft k\u1ebf nh\u1ecf g\u1ecdn, d\u1ec5 l\u1eafp \u0111\u1eb7t, di chuy\u1ec3n, d\u1ec5 d\u00e0ng thay th\u1ec3 l\u00f5i l\u1ecdc, kh\u00f4ng s\u1eed d\u1ee5ng \u0111i\u1ec7n, kh\u00f4ng n\u01b0\u1edbc th\u1ea3i g\u00e2y l\u00e3ng ph\u00ed. C\u00f3 van h\u1ed7 tr\u1ee3 ch\u1ebf n\u01b0\u1edbc tr\u1ef1c ti\u1ebfp ho\u1eb7c n\u01b0\u1edbc qua m\u00e1y l\u1ecdc n\u01b0\u1edbc gi\u00fap ti\u1ebft ki\u1ec7m l\u00f5i l\u1ecdc. Thi\u1ebft b\u1ecb \u0111\u01b0\u1ee3c s\u1ea3n xu\u1ea5t ho\u00e0n to\u00e0n t\u1ea1i Nh\u1eadt B\u1ea3n.<\/p>\n<h3><strong>TH\u00d4NG TIN CHI TI\u1ebeT V\u00c0 THI\u1ebeT B\u1eca L\u1eccC N\u01af\u1edaC MITSUBISHI CLEANSUI ET101:<\/strong><\/h3>\n<p><strong>S\u1eed d\u1ee5ng l\u00f5i l\u1ecdc n\u01b0\u1edbc Cleansui EUC2000 c\u00f4ng ngh\u1ec7 cao t\u1eeb h\u00e3ng Mitsubishi CleanSui Nh\u1eadt B\u1ea3n:<\/strong><\/p>\n<ul>\n<li>N\u01b0\u1edbc sau khi l\u1ecdc \u0111\u1ea1t ti\u00eau chu\u1ea9n n\u01b0\u1edbc u\u1ed1ng tr\u1ef1c ti\u1ebfp. \u0110\u01b0\u1ee3c ch\u1ee9ng nh\u1eadn b\u1edfi NSF, JFRL v\u00e0 JIS<\/li>\n<li>Kh\u00f4ng s\u1eed d\u1ee5ng \u0111i\u1ec7n.<\/li>\n<li>Kh\u00f4ng c\u00f3 n\u01b0\u1edbc th\u1ea3i g\u00e2y l\u00e3ng ph\u00ed n\u01b0\u1edbc.<\/li>\n<li>Gi\u1eef l\u1ea1i c\u00e1c kho\u00e1ng ch\u1ea5t c\u00f3 l\u1ee3i cho s\u1ee9c kh\u1ecfe.<\/li>\n<li>C\u00f4ng ngh\u1ec7 l\u00f5i l\u1ecdc m\u1edbi nh\u1ea5t h\u00e3ng Mitsubishi Cleansui: \u201cSuper High Grade\u201d.<\/li>\n<li>L\u1ecdc lo\u1ea1i b\u1ecf kim lo\u1ea1i n\u1eb7ng, r\u1ec9 s\u00e9t, s\u1eaft, ch\u00ec h\u00f2a tan.<\/li>\n<li>L\u1ecdc lo\u1ea1i b\u1ecf c\u00e1c h\u00f3a ch\u1ea5t nh\u01b0 thu\u1ed1c di\u1ec7t c\u1ecf, tr\u1eeb s\u00e2u, v\u00e0 c\u00e1c ch\u1ea5t g\u00e2y ung th\u01b0 thu\u1ed9c nh\u00f3m CAT.<\/li>\n<li>L\u1ecdc lo\u1ea1i b\u1ecf ho\u00e0n to\u00e0n vi khu\u1ea9n, Virus nh\u01b0 E.coli, Serratia, Salmonella typhi, Vibrio cholerae, Shigella,\u2026<\/li>\n<li>Lo\u1ea1i b\u1ecf c\u00e1c m\u00f9i v\u1ecb kh\u00f3 ch\u1ecbu t\u1eeb n\u1ea5m m\u1ed1c.<\/li>\n<li>C\u00f4ng su\u1ea5t l\u1ecdc n\u01b0\u1edbc hi\u1ec7u qu\u1ea3: 8.000 l\u00edt<\/li>\n<li>L\u01b0u l\u01b0\u1ee3ng n\u01b0\u1edbc l\u1ecdc: 3 l\u00edt \/ ph\u00fat.<\/li>\n<li>\u00c1p su\u1ea5t n\u01b0\u1edbc: 0.07 \u2013 0.35 Mpa.<\/li>\n<li>S\u1ea3n xu\u1ea5t t\u1ea1i Nh\u1eadt B\u1ea3n.<\/li>\n<li>Th\u1eddi gian s\u1eed d\u1ee5ng \u0111\u1ea1t \u0111\u01b0\u1ee3c 400 ng\u00e0y (n\u1ebfu m\u1ed7i ng\u00e0y d\u00f9ng 20 l\u00edt n\u01b0\u1edbc).<\/li>\n<li>D\u1ec5 d\u00e0ng thay th\u1ebf l\u00f5i l\u1ecdc m\u1edbi.<\/li>\n<\/ul>\n<figure id=\"attachment_12126\" aria-describedby=\"caption-attachment-12126\" style=\"width: 300px\" class=\"wp-caption alignleft\"><img loading=\"lazy\" decoding=\"async\" class=\"wp-image-12126 size-medium\" src=\"https:\/\/cleansuivn.com\/wp-content\/uploads\/2018\/05\/loi-loc-cleansui-EUC2000-2021-300x300.jpg\" alt=\"L\u00f5i l\u1ecdc Cleansui EUC2000\" width=\"300\" height=\"300\" srcset=\"https:\/\/cleansuivn.com\/wp-content\/uploads\/2018\/05\/loi-loc-cleansui-EUC2000-2021-300x300.jpg 300w, https:\/\/cleansuivn.com\/wp-content\/uploads\/2018\/05\/loi-loc-cleansui-EUC2000-2021-150x150.jpg 150w, https:\/\/cleansuivn.com\/wp-content\/uploads\/2018\/05\/loi-loc-cleansui-EUC2000-2021-510x510.jpg 510w, https:\/\/cleansuivn.com\/wp-content\/uploads\/2018\/05\/loi-loc-cleansui-EUC2000-2021-100x100.jpg 100w, https:\/\/cleansuivn.com\/wp-content\/uploads\/2018\/05\/loi-loc-cleansui-EUC2000-2021.jpg 700w\" sizes=\"auto, (max-width: 300px) 100vw, 300px\" \/><figcaption id=\"caption-attachment-12126\" class=\"wp-caption-text\">L\u00f5i l\u1ecdc n\u01b0\u1edbc Cleansui ET101<\/figcaption><\/figure>\n<p><img loading=\"lazy\" decoding=\"async\" class=\"wp-image-12127 size-medium\" src=\"https:\/\/cleansuivn.com\/wp-content\/uploads\/2018\/05\/cong-nghe-loc-cleansui-2021-300x300.jpg\" alt=\"L\u00f5i l\u1ecdc n\u01b0\u1edbc Cleansui EUC2000\" width=\"300\" height=\"300\" srcset=\"https:\/\/cleansuivn.com\/wp-content\/uploads\/2018\/05\/cong-nghe-loc-cleansui-2021-300x300.jpg 300w, https:\/\/cleansuivn.com\/wp-content\/uploads\/2018\/05\/cong-nghe-loc-cleansui-2021-150x150.jpg 150w, https:\/\/cleansuivn.com\/wp-content\/uploads\/2018\/05\/cong-nghe-loc-cleansui-2021-510x510.jpg 510w, https:\/\/cleansuivn.com\/wp-content\/uploads\/2018\/05\/cong-nghe-loc-cleansui-2021-100x100.jpg 100w, https:\/\/cleansuivn.com\/wp-content\/uploads\/2018\/05\/cong-nghe-loc-cleansui-2021.jpg 700w\" sizes=\"auto, (max-width: 300px) 100vw, 300px\" \/><\/p>\n<h4><strong>V\u00f2i n\u01b0\u1edbc u\u1ed1ng sau khi n\u01b0\u1edbc \u0111i qua l\u00f5i l\u1ecdc:<\/strong><\/h4>\n<p><img loading=\"lazy\" decoding=\"async\" class=\" wp-image-584\" src=\"http:\/\/cleansuivn.com\/wp-content\/uploads\/2018\/05\/voi-nuoc-z9e.jpg\" alt=\"v\u00f2i l\u1ecdc n\u01b0\u1edbc cleansui z9e\" width=\"65\" height=\"66\" srcset=\"https:\/\/cleansuivn.com\/wp-content\/uploads\/2018\/05\/voi-nuoc-z9e.jpg 156w, https:\/\/cleansuivn.com\/wp-content\/uploads\/2018\/05\/voi-nuoc-z9e-150x150.jpg 150w, https:\/\/cleansuivn.com\/wp-content\/uploads\/2018\/05\/voi-nuoc-z9e-100x100.jpg 100w\" sizes=\"auto, (max-width: 65px) 100vw, 65px\" \/><\/p>\n<ul>\n<li>Thi\u1ebft k\u1ebf linh ho\u1ea1t, d\u1ec5 s\u1eed d\u1ee5ng v\u1edbi kh\u1ea3 n\u0103ng xoay theo nhi\u1ec1u h\u01b0\u1edbng kh\u00e1c nhau.<\/li>\n<li>Ch\u1ea5t li\u1ec7u \u0111\u1ed3ng m\u1ea1 chrom t\u1ea1o n\u00ean v\u1ebb sang tr\u1ecdng v\u00e0 \u0111\u1ea3m b\u1ea3o kh\u00f4ng b\u1ecb r\u1ec9 s\u00e9t khi s\u1eed d\u1ee5ng.<\/li>\n<li>D\u1ec5 d\u00e0ng v\u1ec7 sinh.<\/li>\n<\/ul>\n<h4><strong>Kh\u1edbp n\u1ed1i v\u00f2i n\u01b0\u1edbc sau khi l\u1ecdc v\u1edbi th\u00e2n thi\u1ebft b\u1ecb l\u1ecdc n\u01b0\u1edbc CleanSui ET101:<\/strong><\/h4>\n<p><img loading=\"lazy\" decoding=\"async\" class=\" wp-image-585\" src=\"http:\/\/cleansuivn.com\/wp-content\/uploads\/2018\/05\/khop-noi-loc-nuoc-cleansui-z9e.jpg\" alt=\"kh\u1edbp n\u1ed1i l\u1ecdc n\u01b0\u1edbc cleansui z9e\" width=\"78\" height=\"78\" srcset=\"https:\/\/cleansuivn.com\/wp-content\/uploads\/2018\/05\/khop-noi-loc-nuoc-cleansui-z9e.jpg 161w, https:\/\/cleansuivn.com\/wp-content\/uploads\/2018\/05\/khop-noi-loc-nuoc-cleansui-z9e-150x150.jpg 150w, https:\/\/cleansuivn.com\/wp-content\/uploads\/2018\/05\/khop-noi-loc-nuoc-cleansui-z9e-100x100.jpg 100w\" sizes=\"auto, (max-width: 78px) 100vw, 78px\" \/><\/p>\n<ul>\n<li>Ch\u1ea5t li\u1ec7u \u0111\u1ed3ng cao c\u1ea5p, \u0111\u1ed9 b\u1ec1n cao.<\/li>\n<li>Kh\u00f4ng b\u1ecb r\u1ec9 s\u00e9t.<\/li>\n<\/ul>\n<h4><strong>Van \u0111i\u1ec1u ch\u1ec9nh ch\u1ebf \u0111\u1ed9 n\u01b0\u1edbc tr\u1ef1c ti\u1ebfp ho\u1eb7c qua thi\u1ebft b\u1ecb l\u1ecdc:<\/strong><\/h4>\n<ul>\n<li>H\u1ed7 tr\u1ee3 3 ch\u1ebf \u0111\u1ed9 v\u00f2i phun n\u01b0\u1edbc (2 ch\u1ebf \u0111\u1ed9 cho n\u01b0\u1edbc tr\u1ef1c ti\u1ebfp v\u00e0 1 ch\u1ebf \u0111\u1ed9 n\u01b0\u1edbc qua thi\u1ebft b\u1ecb l\u1ecdc).<\/li>\n<li>D\u1ec5 d\u00e0ng l\u1eafp tr\u1ef1c ti\u1ebfp v\u00e0o v\u00f2i th\u00f4ng qua b\u1ed9 c\u00f4ng c\u1ee5 h\u1ed7 tr\u1ee3 t\u1eb7ng k\u00e8m. H\u1ed7 tr\u1ee3 l\u1eafp \u0111\u1eb7t h\u1ea7u h\u1ebft c\u00e1c v\u00f2i th\u00f4ng d\u1ee5ng t\u1ea1i th\u1ecb tr\u01b0\u1eddng Vi\u1ec7t Nam.<\/li>\n<li>L\u1edbp l\u01b0\u1edbi l\u1ecdc th\u00e9p kh\u00f4ng r\u1ec9 gi\u00fap b\u1ea3o v\u1ec7 thi\u1ebft b\u1ecb kh\u1ecfi nh\u1eefng c\u1eb7n c\u00f3 k\u00edch th\u01b0\u1edbc l\u1edbn trong n\u01b0\u1edbc.<\/li>\n<\/ul>\n<figure id=\"attachment_12124\" aria-describedby=\"caption-attachment-12124\" style=\"width: 1000px\" class=\"wp-caption aligncenter\"><img loading=\"lazy\" decoding=\"async\" class=\"size-full wp-image-12124\" src=\"https:\/\/cleansuivn.com\/wp-content\/uploads\/2018\/05\/lap-dat-cleansui-ET101-2021.jpg\" alt=\"M\u00e1y l\u1ecdc n\u01b0\u1edbc Cleansui ET101\" width=\"1000\" height=\"1000\" srcset=\"https:\/\/cleansuivn.com\/wp-content\/uploads\/2018\/05\/lap-dat-cleansui-ET101-2021.jpg 1000w, https:\/\/cleansuivn.com\/wp-content\/uploads\/2018\/05\/lap-dat-cleansui-ET101-2021-300x300.jpg 300w, https:\/\/cleansuivn.com\/wp-content\/uploads\/2018\/05\/lap-dat-cleansui-ET101-2021-150x150.jpg 150w, https:\/\/cleansuivn.com\/wp-content\/uploads\/2018\/05\/lap-dat-cleansui-ET101-2021-768x768.jpg 768w, https:\/\/cleansuivn.com\/wp-content\/uploads\/2018\/05\/lap-dat-cleansui-ET101-2021-510x510.jpg 510w, https:\/\/cleansuivn.com\/wp-content\/uploads\/2018\/05\/lap-dat-cleansui-ET101-2021-100x100.jpg 100w\" sizes=\"auto, (max-width: 1000px) 100vw, 1000px\" \/><figcaption id=\"caption-attachment-12124\" class=\"wp-caption-text\">M\u00e1y l\u1ecdc n\u01b0\u1edbc Cleansui ET101<\/figcaption><\/figure>\n<h3><strong>C\u00c1C L\u01afU \u00dd KHI S\u1eec D\u1ee4NG<\/strong>:<\/h3>\n<ul>\n<li>N\u00ean x\u1ea3 b\u1ecf n\u01b0\u1edbc l\u1ecdc t\u1eeb v\u00f2i kho\u1ea3ng 15 gi\u00e2y n\u1ebfu \u0111\u1ec3 qua \u0111\u00eam ho\u1eb7c sau 8-10 ti\u1ebfng kh\u00f4ng s\u1eed d\u1ee5ng.<\/li>\n<li>X\u1ea3 b\u1ecf n\u01b0\u1edbc l\u1ecdc t\u1eeb v\u00f2i kho\u1ea3ng 1 ph\u00fat n\u1ebfu \u0111\u1ec3 thi\u1ebft b\u1ecb qu\u00e1 2 ng\u00e0y kh\u00f4ng s\u1eed d\u1ee5ng.<\/li>\n<li>Kh\u00f4ng n\u00ean ch\u1ea1m tay b\u1ea9n v\u00e0o \u0111\u1ea7u v\u00f2i.<\/li>\n<\/ul>\n<p><strong>B\u1ea2O H\u00c0NH<\/strong>: 12 Th\u00e1ng (l\u00f5i l\u1ecdc thay m\u1edbi sau m\u1ed7i 8000 l\u00edt)<\/p>\n<p><iframe loading=\"lazy\" title=\"M\u00e1y l\u1ecdc n\u01b0\u1edbc Cleansui ET101 Hotline 0933 64 00 94 Website Cleansuivn.com\" width=\"1020\" height=\"574\" src=\"https:\/\/www.youtube.com\/embed\/XP4i2Js5fX8?feature=oembed\" frameborder=\"0\" allow=\"accelerometer; autoplay; clipboard-write; encrypted-media; gyroscope; picture-in-picture\" allowfullscreen><\/iframe><\/p>\n<p><img loading=\"lazy\" decoding=\"async\" class=\"size-large wp-image-930\" src=\"https:\/\/cleansuivn.com\/wp-content\/uploads\/2019\/06\/EUC2000-UZC2000E-Cam-ket-bao-hanh-1920x474-3-1024x253.jpg\" alt=\"Cam-k\u1ebft-ch\u1ea5t-l\u01b0\u1ee3ng-l\u00f5i-l\u1ecdc\" width=\"1020\" height=\"252\" srcset=\"https:\/\/cleansuivn.com\/wp-content\/uploads\/2019\/06\/EUC2000-UZC2000E-Cam-ket-bao-hanh-1920x474-3-1024x253.jpg 1024w, https:\/\/cleansuivn.com\/wp-content\/uploads\/2019\/06\/EUC2000-UZC2000E-Cam-ket-bao-hanh-1920x474-3-300x74.jpg 300w, https:\/\/cleansuivn.com\/wp-content\/uploads\/2019\/06\/EUC2000-UZC2000E-Cam-ket-bao-hanh-1920x474-3-768x190.jpg 768w, https:\/\/cleansuivn.com\/wp-content\/uploads\/2019\/06\/EUC2000-UZC2000E-Cam-ket-bao-hanh-1920x474-3-510x126.jpg 510w, https:\/\/cleansuivn.com\/wp-content\/uploads\/2019\/06\/EUC2000-UZC2000E-Cam-ket-bao-hanh-1920x474-3.jpg 1920w\" sizes=\"auto, (max-width: 1020px) 100vw, 1020px\" \/><\/p>\n<h4><span style=\"font-size: 100%;\"><strong>T\u00e0i li\u1ec7u li\u00ean quan:<\/strong><\/span><\/h4>\n<ul>\n<li><a href=\"http:\/\/cleansuivn.com\/index.php\/2017\/07\/03\/chung-nhan-quoc-te\/\">Ch\u1ee9ng nh\u1eadn qu\u1ed1c t\u1ebf <\/a><\/li>\n<li><a href=\"http:\/\/cleansuivn.com\/index.php\/2018\/04\/18\/he-lo-bi-mat-cong-nghe-loc-nuoc-mitsubishi-cleansui\/\">T\u1ea1i sao n\u00ean ch\u1ecdn c\u00f4ng ngh\u1ec7 l\u1ecdc n\u01b0\u1edbc Mitsubishi CleanSui Nh\u1eadt B\u1ea3n?<\/a><\/li>\n<li><a href=\"http:\/\/cleansuivn.com\/index.php\/san-pham\/loi-loc-cleansui-uzc2000e\/\">L\u00f5i l\u1ecdc thay th\u1ebf UZC200E \/ EUC2000<\/a><\/li>\n<li><a href=\"http:\/\/cleansuivn.com\/index.php\/2018\/06\/05\/huong-dan-lap-dat-thiet-bi-loc-nuoc-mitsubishi-cleansui-z9e\/\">H\u01b0\u1edbng d\u1eabn l\u1eafp \u0111\u1eb7t l\u1ecdc n\u01b0\u1edbc CleanSui Z9E \/ ET101<\/a><\/li>\n<\/ul>\n<p>&nbsp;<\/p>\n","protected":false},"excerpt":{"rendered":"<p><strong>Thi\u1ebft b\u1ecb l\u1ecdc n\u01b0\u1edbc Mitsubishi CleanSui ET101<br \/>\n<\/strong><\/p>\n<p>Thi\u1ebft k\u1ebf nh\u1ecf g\u1ecdn, d\u1ec5 l\u1eafp \u0111\u1eb7t, di chuy\u1ec3n, d\u1ec5 d\u00e0ng thay th\u1ec3 l\u00f5i l\u1ecdc, kh\u00f4ng s\u1eed d\u1ee5ng \u0111i\u1ec7n, kh\u00f4ng n\u01b0\u1edbc th\u1ea3i g\u00e2y l\u00e3ng ph\u00ed. C\u00f3 van h\u1ed7 tr\u1ee3 ch\u1ebf n\u01b0\u1edbc tr\u1ef1c ti\u1ebfp ho\u1eb7c n\u01b0\u1edbc qua m\u00e1y l\u1ecdc n\u01b0\u1edbc gi\u00fap ti\u1ebft ki\u1ec7m l\u00f5i l\u1ecdc. Thi\u1ebft b\u1ecb \u0111\u01b0\u1ee3c s\u1ea3n xu\u1ea5t ho\u00e0n to\u00e0n t\u1ea1i Nh\u1eadt B\u1ea3n.<\/p>\n<p><strong>QU\u00c0 T\u1eb6NG H\u1ea4P D\u1eaaN KHI LI\u00caN H\u1ec6 HOTLINE<\/strong><br \/>\n<strong>Hotline t\u01b0 v\u1ea5n: 0933 64 00 94<\/strong><\/p>\n<figure id=\"attachment_930\" aria-describedby=\"caption-attachment-930\" style=\"width: 300px\" class=\"wp-caption alignnone\"><img loading=\"lazy\" decoding=\"async\" class=\"size-medium wp-image-930\" src=\"https:\/\/cleansuivn.com\/wp-content\/uploads\/2019\/06\/EUC2000-UZC2000E-Cam-ket-bao-hanh-1920x474-3-300x74.jpg\" alt=\"Cam-k\u1ebft-ch\u1ea5t-l\u01b0\u1ee3ng-l\u00f5i-l\u1ecdc\" width=\"300\" height=\"74\" srcset=\"https:\/\/cleansuivn.com\/wp-content\/uploads\/2019\/06\/EUC2000-UZC2000E-Cam-ket-bao-hanh-1920x474-3-300x74.jpg 300w, https:\/\/cleansuivn.com\/wp-content\/uploads\/2019\/06\/EUC2000-UZC2000E-Cam-ket-bao-hanh-1920x474-3-768x190.jpg 768w, https:\/\/cleansuivn.com\/wp-content\/uploads\/2019\/06\/EUC2000-UZC2000E-Cam-ket-bao-hanh-1920x474-3-1024x253.jpg 1024w, https:\/\/cleansuivn.com\/wp-content\/uploads\/2019\/06\/EUC2000-UZC2000E-Cam-ket-bao-hanh-1920x474-3-510x126.jpg 510w, https:\/\/cleansuivn.com\/wp-content\/uploads\/2019\/06\/EUC2000-UZC2000E-Cam-ket-bao-hanh-1920x474-3.jpg 1920w\" sizes=\"auto, (max-width: 300px) 100vw, 300px\" \/><figcaption id=\"caption-attachment-930\" class=\"wp-caption-text\">Cam-k\u1ebft-ch\u1ea5t-l\u01b0\u1ee3ng-l\u00f5i-l\u1ecdc<\/figcaption><\/figure>\n","protected":false},"featured_media":11981,"comment_status":"open","ping_status":"closed","template":"","meta":{"content-type":""},"product_brand":[],"product_cat":[18,251],"product_tag":[200,101,123,274,115,43,44,107,114,103,181,180,149,154,201],"class_list":{"0":"post-575","1":"product","2":"type-product","3":"status-publish","4":"has-post-thumbnail","6":"product_cat-thiet-bi-loc-nuoc","7":"product_cat-may-loc-nuoc-cleansui-gan-tai-voi","8":"product_tag-cleansui-et101","9":"product_tag-cleansui-vietnam","10":"product_tag-cleansui-z9e","11":"product_tag-gia-cleansui-et101","12":"product_tag-gia-cleansui-z9e","13":"product_tag-loc-nuoc-cleansui","14":"product_tag-loc-nuoc-cong-nghe-nhat-ban","15":"product_tag-loc-nuoc-mitsubishi","16":"product_tag-loc-nuoc-mitsubishi-cleansui-z9e","17":"product_tag-loc-nuoc-nhat-ban","18":"product_tag-loc-nuoc-tai-voi","19":"product_tag-loc-nuoc-z9e","20":"product_tag-may-loc-nuoc","21":"product_tag-may-loc-nuoc-cleansui","22":"product_tag-may-loc-nuoc-mitusbishi","24":"first","25":"instock","26":"shipping-taxable","27":"purchasable","28":"product-type-simple"},"_links":{"self":[{"href":"https:\/\/cleansuivn.com\/index.php\/wp-json\/wp\/v2\/product\/575","targetHints":{"allow":["GET"]}}],"collection":[{"href":"https:\/\/cleansuivn.com\/index.php\/wp-json\/wp\/v2\/product"}],"about":[{"href":"https:\/\/cleansuivn.com\/index.php\/wp-json\/wp\/v2\/types\/product"}],"replies":[{"embeddable":true,"href":"https:\/\/cleansuivn.com\/index.php\/wp-json\/wp\/v2\/comments?post=575"}],"wp:featuredmedia":[{"embeddable":true,"href":"https:\/\/cleansuivn.com\/index.php\/wp-json\/wp\/v2\/media\/11981"}],"wp:attachment":[{"href":"https:\/\/cleansuivn.com\/index.php\/wp-json\/wp\/v2\/media?parent=575"}],"wp:term":[{"taxonomy":"product_brand","embeddable":true,"href":"https:\/\/cleansuivn.com\/index.php\/wp-json\/wp\/v2\/product_brand?post=575"},{"taxonomy":"product_cat","embeddable":true,"href":"https:\/\/cleansuivn.com\/index.php\/wp-json\/wp\/v2\/product_cat?post=575"},{"taxonomy":"product_tag","embeddable":true,"href":"https:\/\/cleansuivn.com\/index.php\/wp-json\/wp\/v2\/product_tag?post=575"}],"curies":[{"name":"wp","href":"https:\/\/api.w.org\/{rel}","templated":true}]}}