{"id":615,"date":"2018-05-19T17:09:50","date_gmt":"2018-05-19T10:09:50","guid":{"rendered":"http:\/\/cleansuivn.com\/?post_type=product&#038;p=615"},"modified":"2025-06-06T11:25:03","modified_gmt":"2025-06-06T04:25:03","slug":"loc-nuoc-cleansui-eu101","status":"publish","type":"product","link":"https:\/\/cleansuivn.com\/index.php\/san-pham\/loc-nuoc-cleansui-eu101\/","title":{"rendered":"M\u00e1y l\u1ecdc n\u01b0\u1edbc Cleansui EU101"},"content":{"rendered":"<h3>Thi\u1ebft b\u1ecb m\u00e1y l\u1ecdc n\u01b0\u1edbc Mitsubishi CleanSui EU101<\/h3>\n<p>Thi\u1ebft b\u1ecb l\u1ecdc n\u01b0\u1edbc d\u01b0\u1edbi b\u1ed3n r\u1eeda bao g\u1ed3m 1 l\u00f5i l\u1ecdc Mitsubishi CleanSui EUC2000 c\u00f4ng ngh\u1ec7 l\u1ecdc n\u01b0\u1edbc <strong>\u201cSuper High Grade\u201d<\/strong> v\u00e0 m\u1ed9t v\u00f2i n\u01b0\u1edbc \u0111\u01b0\u1ee3c s\u1ea3n xu\u1ea5t ho\u00e0n to\u00e0n t\u1ea1i Nh\u1eadt B\u1ea3n.<\/p>\n<figure id=\"attachment_12110\" aria-describedby=\"caption-attachment-12110\" style=\"width: 855px\" class=\"wp-caption aligncenter\"><img loading=\"lazy\" decoding=\"async\" class=\"size-full wp-image-12110\" src=\"https:\/\/cleansuivn.com\/wp-content\/uploads\/2018\/05\/May-loc-nuoc-Cleansui-H1-2021.jpg\" alt=\"M\u00e1y l\u1ecdc n\u01b0\u1edbc Cleansui EU101 2021&#96;\" width=\"855\" height=\"569\" srcset=\"https:\/\/cleansuivn.com\/wp-content\/uploads\/2018\/05\/May-loc-nuoc-Cleansui-H1-2021.jpg 855w, https:\/\/cleansuivn.com\/wp-content\/uploads\/2018\/05\/May-loc-nuoc-Cleansui-H1-2021-300x200.jpg 300w, https:\/\/cleansuivn.com\/wp-content\/uploads\/2018\/05\/May-loc-nuoc-Cleansui-H1-2021-768x511.jpg 768w, https:\/\/cleansuivn.com\/wp-content\/uploads\/2018\/05\/May-loc-nuoc-Cleansui-H1-2021-510x339.jpg 510w\" sizes=\"auto, (max-width: 855px) 100vw, 855px\" \/><figcaption id=\"caption-attachment-12110\" class=\"wp-caption-text\">M\u00e1y l\u1ecdc n\u01b0\u1edbc Cleansui EU101 2021<\/figcaption><\/figure>\n<p><strong>T\u00ednh n\u0103ng thi\u1ebft b\u1ecb:<\/strong><\/p>\n<p>\u2022 L\u1ecdc lo\u1ea1i b\u1ecf kim lo\u1ea1i n\u1eb7ng, r\u1ec9 s\u00e9t, s\u1eaft, ch\u00ec h\u00f2a tan.<br \/>\n\u2022 L\u1ecdc lo\u1ea1i b\u1ecf c\u00e1c h\u00f3a ch\u1ea5t nh\u01b0 thu\u1ed1c di\u1ec7t c\u1ecf, tr\u1eeb s\u00e2u, v\u00e0 c\u00e1c ch\u1ea5t g\u00e2y ung th\u01b0 thu\u1ed9c nh\u00f3m CAT.<br \/>\n\u2022 L\u1ecdc lo\u1ea1i b\u1ecf ho\u00e0n to\u00e0n vi khu\u1ea9n, Virus nh\u01b0 E.coli, Serratia, Salmonella typhi, Vibrio cholerae, Shigella,\u2026<br \/>\n\u2022 Lo\u1ea1i b\u1ecf c\u00e1c m\u00f9i v\u1ecb kh\u00f3 ch\u1ecbu t\u1eeb n\u1ea5m m\u1ed1c.<br \/>\n\u2022 Gi\u1eef l\u1ea1i c\u00e1c KHO\u00c1NG CH\u1ea4T c\u00f3 l\u1ee3i cho c\u01a1 th\u1ec3.<br \/>\n\u2022 Kh\u00f4ng s\u1eed d\u1ee5ng \u0111i\u1ec7n, l\u00e3ng ph\u00ed n\u01b0\u1edbc nh\u01b0 c\u00f4ng ngh\u1ec7 RO (th\u1ea9m th\u1ea5u ng\u01b0\u1ee3c).<br \/>\n\u2022 C\u00f4ng su\u1ea5t l\u00f5i l\u1ecdc n\u01b0\u1edbc: 8.000 l\u00edt<br \/>\n\u2022 L\u01b0u l\u01b0\u1ee3ng n\u01b0\u1edbc l\u1ecdc: 3 l\u00edt \/ ph\u00fat.<br \/>\n\u2022 \u00c1p su\u1ea5t n\u01b0\u1edbc ho\u1ea1t \u0111\u1ed9ng t\u1ed1i thi\u1ec3u: 0.07 MPa<br \/>\n\u2022 Th\u1eddi gian s\u1eed d\u1ee5ng: 1 n\u0103m (m\u1ed7i ng\u00e0y b\u00ecnh qu\u00e2n s\u1eed d\u1ee5ng 22 l\u00edt). Sau 1 n\u0103m c\u1ea7n thay l\u00f5i l\u1ecdc m\u1edbi m\u00e3 thay th\u1ebf EUC2000.<br \/>\n\u2022 Thi\u1ebft b\u1ecb \u0111\u01b0\u1ee3c s\u1ea3n xu\u1ea5t ho\u00e0n to\u00e0n t\u1ea1i Nh\u1eadt B\u1ea3n<\/p>\n<p><strong>Thi\u1ebft b\u1ecb bao g\u1ed3m<\/strong>: 1 v\u00f2i n\u01b0\u1edbc, 1 b\u1ed9 l\u1ecdc n\u01b0\u1edbc v\u00e0 c\u00e1c ph\u1ee5 ki\u1ec7n d\u00e2y d\u1eabn \u0111\u1ea5u n\u1ed1i \u0111i k\u00e8m.<\/p>\n<p><strong>B\u1ea3o h\u00e0nh:<\/strong><\/p>\n<ul>\n<li>B\u1ed9 v\u00f2i cao c\u1ea5p: b\u1ea3o h\u00e0nh 5 n\u0103m.<\/li>\n<li>Thay m\u1edbi mi\u1ec5n ph\u00ed l\u00f5i l\u1ecdc n\u1ebfu c\u00f3 l\u1ed7i k\u1ef9 thu\u1eadt trong 6 th\u00e1ng \u0111\u1ea7u.<\/li>\n<\/ul>\n<figure id=\"attachment_616\" aria-describedby=\"caption-attachment-616\" style=\"width: 1020px\" class=\"wp-caption aligncenter\"><img loading=\"lazy\" decoding=\"async\" class=\"size-large wp-image-616\" src=\"http:\/\/cleansuivn.com\/wp-content\/uploads\/2018\/05\/pkld-1024x586.jpg\" alt=\"Ph\u1ee5 Ki\u1ec7n L\u1eafp \u0110\u1eb7t l\u1ecdc n\u01b0\u1edbc Mitsubishi CleanSui A101E\" width=\"1020\" height=\"584\" srcset=\"https:\/\/cleansuivn.com\/wp-content\/uploads\/2018\/05\/pkld-1024x586.jpg 1024w, https:\/\/cleansuivn.com\/wp-content\/uploads\/2018\/05\/pkld-300x172.jpg 300w, https:\/\/cleansuivn.com\/wp-content\/uploads\/2018\/05\/pkld-768x439.jpg 768w, https:\/\/cleansuivn.com\/wp-content\/uploads\/2018\/05\/pkld-510x292.jpg 510w, https:\/\/cleansuivn.com\/wp-content\/uploads\/2018\/05\/pkld.jpg 1030w\" sizes=\"auto, (max-width: 1020px) 100vw, 1020px\" \/><figcaption id=\"caption-attachment-616\" class=\"wp-caption-text\">Ph\u1ee5 Ki\u1ec7n L\u1eafp \u0110\u1eb7t l\u1ecdc n\u01b0\u1edbc Mitsubishi CleanSui EU101<\/figcaption><\/figure>\n<p><img loading=\"lazy\" decoding=\"async\" class=\"size-large wp-image-617\" src=\"http:\/\/cleansuivn.com\/wp-content\/uploads\/2018\/05\/loc-nuoc-mitsubishi-cleansui-A101E-hinh-2-1024x784.jpg\" alt=\"l\u1ecdc n\u01b0\u1edbc Mitsubishi CleanSui A101E l\u1eafp k\u00e8m cho t\u1ee7 l\u1ea1nh Side by Side\" width=\"1020\" height=\"781\" srcset=\"https:\/\/cleansuivn.com\/wp-content\/uploads\/2018\/05\/loc-nuoc-mitsubishi-cleansui-A101E-hinh-2-1024x784.jpg 1024w, https:\/\/cleansuivn.com\/wp-content\/uploads\/2018\/05\/loc-nuoc-mitsubishi-cleansui-A101E-hinh-2-300x230.jpg 300w, https:\/\/cleansuivn.com\/wp-content\/uploads\/2018\/05\/loc-nuoc-mitsubishi-cleansui-A101E-hinh-2-768x588.jpg 768w, https:\/\/cleansuivn.com\/wp-content\/uploads\/2018\/05\/loc-nuoc-mitsubishi-cleansui-A101E-hinh-2-510x391.jpg 510w, https:\/\/cleansuivn.com\/wp-content\/uploads\/2018\/05\/loc-nuoc-mitsubishi-cleansui-A101E-hinh-2.jpg 1428w\" sizes=\"auto, (max-width: 1020px) 100vw, 1020px\" \/><\/p>\n<figure id=\"attachment_12013\" aria-describedby=\"caption-attachment-12013\" style=\"width: 494px\" class=\"wp-caption aligncenter\"><img loading=\"lazy\" decoding=\"async\" class=\"size-full wp-image-12013\" src=\"https:\/\/cleansuivn.com\/wp-content\/uploads\/2018\/05\/May-loc-nuoc-Cleansui-EU101-2021.jpg\" alt=\"m\u00e1y l\u1ecdc n\u01b0\u1edbc CLEANSUI EU101\" width=\"494\" height=\"600\" srcset=\"https:\/\/cleansuivn.com\/wp-content\/uploads\/2018\/05\/May-loc-nuoc-Cleansui-EU101-2021.jpg 494w, https:\/\/cleansuivn.com\/wp-content\/uploads\/2018\/05\/May-loc-nuoc-Cleansui-EU101-2021-247x300.jpg 247w\" sizes=\"auto, (max-width: 494px) 100vw, 494px\" \/><figcaption id=\"caption-attachment-12013\" class=\"wp-caption-text\">M\u00e1y l\u1ecdc n\u01b0\u1edbc CLEANSUI EU101<\/figcaption><\/figure>\n<figure id=\"attachment_12111\" aria-describedby=\"caption-attachment-12111\" style=\"width: 720px\" class=\"wp-caption aligncenter\"><img loading=\"lazy\" decoding=\"async\" class=\"size-full wp-image-12111\" src=\"https:\/\/cleansuivn.com\/wp-content\/uploads\/2018\/05\/May-loc-nuoc-Cleansui-EU101-900x900-2021.jpg\" alt=\"M\u00e1y l\u1ecdc n\u01b0\u1edbc Cleansui EU101\" width=\"720\" height=\"720\" srcset=\"https:\/\/cleansuivn.com\/wp-content\/uploads\/2018\/05\/May-loc-nuoc-Cleansui-EU101-900x900-2021.jpg 720w, https:\/\/cleansuivn.com\/wp-content\/uploads\/2018\/05\/May-loc-nuoc-Cleansui-EU101-900x900-2021-300x300.jpg 300w, https:\/\/cleansuivn.com\/wp-content\/uploads\/2018\/05\/May-loc-nuoc-Cleansui-EU101-900x900-2021-150x150.jpg 150w, https:\/\/cleansuivn.com\/wp-content\/uploads\/2018\/05\/May-loc-nuoc-Cleansui-EU101-900x900-2021-510x510.jpg 510w, https:\/\/cleansuivn.com\/wp-content\/uploads\/2018\/05\/May-loc-nuoc-Cleansui-EU101-900x900-2021-100x100.jpg 100w\" sizes=\"auto, (max-width: 720px) 100vw, 720px\" \/><figcaption id=\"caption-attachment-12111\" class=\"wp-caption-text\">M\u00e1y l\u1ecdc n\u01b0\u1edbc Cleansui EU101<\/figcaption><\/figure>\n<p><img loading=\"lazy\" decoding=\"async\" class=\"aligncenter size-large wp-image-619\" src=\"http:\/\/cleansuivn.com\/wp-content\/uploads\/2018\/05\/a101e-details-1.png\" alt=\"\" width=\"994\" height=\"538\" srcset=\"https:\/\/cleansuivn.com\/wp-content\/uploads\/2018\/05\/a101e-details-1.png 994w, https:\/\/cleansuivn.com\/wp-content\/uploads\/2018\/05\/a101e-details-1-300x162.png 300w, https:\/\/cleansuivn.com\/wp-content\/uploads\/2018\/05\/a101e-details-1-768x416.png 768w, https:\/\/cleansuivn.com\/wp-content\/uploads\/2018\/05\/a101e-details-1-510x276.png 510w\" sizes=\"auto, (max-width: 994px) 100vw, 994px\" \/><\/p>\n<p>&nbsp;<\/p>\n<p>&nbsp;<\/p>\n<p style=\"text-align: center;\"><span style=\"color: #ed1c24; font-size: 120%;\"><strong>Video gi\u1edbi thi\u1ec7u m\u00e1y l\u1ecdc n\u01b0\u1edbc Cleansui EU101<\/strong><\/span><\/p>\n<p><iframe loading=\"lazy\" title=\"M\u00e1y l\u1ecdc n\u01b0\u1edbc Cleansui EU101\" width=\"1020\" height=\"574\" src=\"https:\/\/www.youtube.com\/embed\/htAiPh4H8S0?feature=oembed\" frameborder=\"0\" allow=\"accelerometer; autoplay; clipboard-write; encrypted-media; gyroscope; picture-in-picture; web-share\" referrerpolicy=\"strict-origin-when-cross-origin\" allowfullscreen><\/iframe><\/p>\n<p><img loading=\"lazy\" decoding=\"async\" class=\"alignnone wp-image-930 size-large\" src=\"https:\/\/cleansuivn.com\/wp-content\/uploads\/2019\/06\/EUC2000-UZC2000E-Cam-ket-bao-hanh-1920x474-3-1024x253.jpg\" alt=\"Cam-k\u1ebft-ch\u1ea5t-l\u01b0\u1ee3ng-l\u00f5i-l\u1ecdc\" width=\"1020\" height=\"252\" srcset=\"https:\/\/cleansuivn.com\/wp-content\/uploads\/2019\/06\/EUC2000-UZC2000E-Cam-ket-bao-hanh-1920x474-3-1024x253.jpg 1024w, https:\/\/cleansuivn.com\/wp-content\/uploads\/2019\/06\/EUC2000-UZC2000E-Cam-ket-bao-hanh-1920x474-3-300x74.jpg 300w, https:\/\/cleansuivn.com\/wp-content\/uploads\/2019\/06\/EUC2000-UZC2000E-Cam-ket-bao-hanh-1920x474-3-768x190.jpg 768w, https:\/\/cleansuivn.com\/wp-content\/uploads\/2019\/06\/EUC2000-UZC2000E-Cam-ket-bao-hanh-1920x474-3-510x126.jpg 510w, https:\/\/cleansuivn.com\/wp-content\/uploads\/2019\/06\/EUC2000-UZC2000E-Cam-ket-bao-hanh-1920x474-3.jpg 1920w\" sizes=\"auto, (max-width: 1020px) 100vw, 1020px\" \/><\/p>\n<p><strong>T\u00c0I LI\u1ec6U LI\u00caN QUAN:<\/strong><\/p>\n<ul>\n<li><a href=\"http:\/\/cleansuivn.com\/index.php\/2017\/07\/03\/chung-nhan-quoc-te\/\">Ch\u1ee9ng nh\u1eadn qu\u1ed1c t\u1ebf <\/a><\/li>\n<li><a href=\"http:\/\/cleansuivn.com\/wp-content\/uploads\/2018\/06\/Catalog-loc-nuoc-cleansui-A101E.pdf\">T\u1ea3i Catalog l\u1ecdc n\u01b0\u1edbc CleanSui EU101<\/a><\/li>\n<li><a href=\"http:\/\/cleansuivn.com\/index.php\/2018\/04\/18\/he-lo-bi-mat-cong-nghe-loc-nuoc-mitsubishi-cleansui\/\">T\u1ea1i sao n\u00ean ch\u1ecdn c\u00f4ng ngh\u1ec7 l\u1ecdc n\u01b0\u1edbc Mitsubishi CleanSui Nh\u1eadt B\u1ea3n?<\/a><\/li>\n<li><a href=\"http:\/\/cleansuivn.com\/index.php\/san-pham\/loi-loc-cleansui-uzc2000e\/\">L\u00f5i l\u1ecdc thay th\u1ebf EUC2000E<\/a><\/li>\n<\/ul>\n","protected":false},"excerpt":{"rendered":"<p><strong>Thi\u1ebft b\u1ecb l\u1ecdc n\u01b0\u1edbc Mitsubishi CleanSui EU101<br \/>\n<\/strong><\/p>\n<p>Thi\u1ebft b\u1ecb l\u1ecdc n\u01b0\u1edbc d\u01b0\u1edbi b\u1ed3n r\u1eeda bao g\u1ed3m 1 l\u00f5i l\u1ecdc Mitsubishi CleanSui EUC2000 c\u00f4ng ngh\u1ec7 l\u1ecdc n\u01b0\u1edbc \u201c<strong>Super High Grade<\/strong>\u201d v\u00e0 m\u1ed9t v\u00f2i n\u01b0\u1edbc \u0111\u01b0\u1ee3c s\u1ea3n xu\u1ea5t ho\u00e0n to\u00e0n t\u1ea1i Nh\u1eadt B\u1ea3n.<\/p>\n<p><strong>T\u00ednh n\u0103ng thi\u1ebft b\u1ecb:<\/strong><\/p>\n<p>\u2022 L\u1ecdc lo\u1ea1i b\u1ecf kim lo\u1ea1i n\u1eb7ng, r\u1ec9 s\u00e9t, s\u1eaft, ch\u00ec h\u00f2a tan.<br \/>\n\u2022 L\u1ecdc lo\u1ea1i b\u1ecf c\u00e1c h\u00f3a ch\u1ea5t nh\u01b0 thu\u1ed1c di\u1ec7t c\u1ecf, tr\u1eeb s\u00e2u, v\u00e0 c\u00e1c ch\u1ea5t g\u00e2y ung th\u01b0 thu\u1ed9c nh\u00f3m CAT.<br \/>\n\u2022 L\u1ecdc lo\u1ea1i b\u1ecf ho\u00e0n to\u00e0n vi khu\u1ea9n, Virus nh\u01b0 E.coli, Serratia, Salmonella typhi, Vibrio cholerae, Shigella,\u2026<br \/>\n\u2022 Lo\u1ea1i b\u1ecf c\u00e1c m\u00f9i v\u1ecb kh\u00f3 ch\u1ecbu t\u1eeb n\u1ea5m m\u1ed1c.<br \/>\n\u2022 Gi\u1eef l\u1ea1i c\u00e1c KHO\u00c1NG CH\u1ea4T c\u00f3 l\u1ee3i cho c\u01a1 th\u1ec3.<br \/>\n\u2022 Kh\u00f4ng s\u1eed d\u1ee5ng \u0111i\u1ec7n, l\u00e3ng ph\u00ed n\u01b0\u1edbc nh\u01b0 c\u00f4ng ngh\u1ec7 RO (th\u1ea9m th\u1ea5u ng\u01b0\u1ee3c).<br \/>\n\u2022 C\u00f4ng su\u1ea5t l\u00f5i l\u1ecdc n\u01b0\u1edbc: 8.000 l\u00edt<br \/>\n\u2022 L\u01b0u l\u01b0\u1ee3ng n\u01b0\u1edbc l\u1ecdc: 3 l\u00edt \/ ph\u00fat.<br \/>\n\u2022 \u00c1p su\u1ea5t n\u01b0\u1edbc ho\u1ea1t \u0111\u1ed9ng t\u1ed1i thi\u1ec3u: 0.07 MPa<br \/>\n\u2022 Th\u1eddi gian s\u1eed d\u1ee5ng: 1 n\u0103m (m\u1ed7i ng\u00e0y b\u00ecnh qu\u00e2n s\u1eed d\u1ee5ng 22 l\u00edt). Sau 1 n\u0103m c\u1ea7n thay l\u00f5i l\u1ecdc m\u1edbi m\u00e3 thay th\u1ebf EUC2000.<br \/>\n\u2022 Thi\u1ebft b\u1ecb \u0111\u01b0\u1ee3c s\u1ea3n xu\u1ea5t ho\u00e0n to\u00e0n t\u1ea1i Nh\u1eadt B\u1ea3n<\/p>\n<p><strong>Thi\u1ebft b\u1ecb bao g\u1ed3m<\/strong>: 1 v\u00f2i n\u01b0\u1edbc, 1 b\u1ed9 l\u1ecdc n\u01b0\u1edbc v\u00e0 c\u00e1c ph\u1ee5 ki\u1ec7n d\u00e2y d\u1eabn \u0111\u1ea5u n\u1ed1i \u0111i k\u00e8m.<\/p>\n<p><span style=\"color: #ed1c24;\"><strong>MI\u1ec4N PH\u00cd L\u1eaeP \u0110\u1eb6T T\u1eacN N\u01a0I (64 T\u1ec8NH)<\/strong><\/span><br \/>\n<span style=\"color: #ed1c24;\"><strong>QU\u00c0 T\u1eb6NG H\u1ea4P D\u1eaaN KHI LI\u00caN H\u1ec6 HOTLINE<\/strong><\/span><br \/>\n<span style=\"color: #ed1c24;\"><strong>Hotline t\u01b0 v\u1ea5n: 0933 64 00 94<\/strong><\/span><\/p>\n<p><img loading=\"lazy\" decoding=\"async\" class=\"wp-image-930 size-medium aligncenter\" src=\"https:\/\/cleansuivn.com\/wp-content\/uploads\/2019\/06\/EUC2000-UZC2000E-Cam-ket-bao-hanh-1920x474-3-300x74.jpg\" alt=\"Cam-k\u1ebft-ch\u1ea5t-l\u01b0\u1ee3ng-l\u00f5i-l\u1ecdc\" width=\"300\" height=\"74\" srcset=\"https:\/\/cleansuivn.com\/wp-content\/uploads\/2019\/06\/EUC2000-UZC2000E-Cam-ket-bao-hanh-1920x474-3-300x74.jpg 300w, https:\/\/cleansuivn.com\/wp-content\/uploads\/2019\/06\/EUC2000-UZC2000E-Cam-ket-bao-hanh-1920x474-3-768x190.jpg 768w, https:\/\/cleansuivn.com\/wp-content\/uploads\/2019\/06\/EUC2000-UZC2000E-Cam-ket-bao-hanh-1920x474-3-1024x253.jpg 1024w, https:\/\/cleansuivn.com\/wp-content\/uploads\/2019\/06\/EUC2000-UZC2000E-Cam-ket-bao-hanh-1920x474-3-510x126.jpg 510w, https:\/\/cleansuivn.com\/wp-content\/uploads\/2019\/06\/EUC2000-UZC2000E-Cam-ket-bao-hanh-1920x474-3.jpg 1920w\" sizes=\"auto, (max-width: 300px) 100vw, 300px\" \/><\/p>\n","protected":false},"featured_media":12013,"comment_status":"open","ping_status":"closed","template":"","meta":{"content-type":""},"product_brand":[307],"product_cat":[18,252],"product_tag":[121,199,163,101,272,273,43,107,118,103,271,229],"class_list":{"0":"post-615","1":"product","2":"type-product","3":"status-publish","4":"has-post-thumbnail","6":"product_brand-cleansui","7":"product_cat-thiet-bi-loc-nuoc","8":"product_cat-may-loc-nuoc-cleansui-lap-am-tu","9":"product_tag-cleansui-a101e","10":"product_tag-cleansui-eu101","11":"product_tag-cleansui-viet-nam","12":"product_tag-cleansui-vietnam","13":"product_tag-gia-cleansui-eu101","14":"product_tag-khuyen-mai-cleansui","15":"product_tag-loc-nuoc-cleansui","16":"product_tag-loc-nuoc-mitsubishi","17":"product_tag-loc-nuoc-mitsubishi-cleansui-a101e","18":"product_tag-loc-nuoc-nhat-ban","19":"product_tag-may-loc-nuoc-cleansui-eu101","20":"product_tag-may-loc-nuoc-mitsubishi","22":"first","23":"instock","24":"shipping-taxable","25":"purchasable","26":"product-type-simple"},"_links":{"self":[{"href":"https:\/\/cleansuivn.com\/index.php\/wp-json\/wp\/v2\/product\/615","targetHints":{"allow":["GET"]}}],"collection":[{"href":"https:\/\/cleansuivn.com\/index.php\/wp-json\/wp\/v2\/product"}],"about":[{"href":"https:\/\/cleansuivn.com\/index.php\/wp-json\/wp\/v2\/types\/product"}],"replies":[{"embeddable":true,"href":"https:\/\/cleansuivn.com\/index.php\/wp-json\/wp\/v2\/comments?post=615"}],"wp:featuredmedia":[{"embeddable":true,"href":"https:\/\/cleansuivn.com\/index.php\/wp-json\/wp\/v2\/media\/12013"}],"wp:attachment":[{"href":"https:\/\/cleansuivn.com\/index.php\/wp-json\/wp\/v2\/media?parent=615"}],"wp:term":[{"taxonomy":"product_brand","embeddable":true,"href":"https:\/\/cleansuivn.com\/index.php\/wp-json\/wp\/v2\/product_brand?post=615"},{"taxonomy":"product_cat","embeddable":true,"href":"https:\/\/cleansuivn.com\/index.php\/wp-json\/wp\/v2\/product_cat?post=615"},{"taxonomy":"product_tag","embeddable":true,"href":"https:\/\/cleansuivn.com\/index.php\/wp-json\/wp\/v2\/product_tag?post=615"}],"curies":[{"name":"wp","href":"https:\/\/api.w.org\/{rel}","templated":true}]}}